{"id":104875,"date":"2026-05-08T13:46:49","date_gmt":"2026-05-08T13:46:49","guid":{"rendered":"https:\/\/evisap.es\/science-for-everyone-2026\/"},"modified":"2026-05-11T13:11:39","modified_gmt":"2026-05-11T13:11:39","slug":"science-for-everyone-2026","status":"publish","type":"page","link":"https:\/\/evisap.es\/en\/science-for-everyone-2026\/","title":{"rendered":"Science for everyone 2026"},"content":{"rendered":"<p>[vc_row row_height_percent=&#8221;0&#8243; override_padding=&#8221;yes&#8221; h_padding=&#8221;2&#8243; top_padding=&#8221;4&#8243; bottom_padding=&#8221;4&#8243; back_color=&#8221;color-lxmt&#8221; overlay_alpha=&#8221;50&#8243; gutter_size=&#8221;3&#8243; column_width_percent=&#8221;100&#8243; shift_y=&#8221;0&#8243; z_index=&#8221;0&#8243; uncode_shortcode_id=&#8221;186054&#8243; back_color_type=&#8221;uncode-palette&#8221; row_name=&#8221;noticias&#8221; el_class=&#8221;customTab&#8221;][vc_column column_width_percent=&#8221;100&#8243; gutter_size=&#8221;3&#8243; overlay_alpha=&#8221;50&#8243; shift_x=&#8221;0&#8243; shift_y=&#8221;0&#8243; shift_y_down=&#8221;0&#8243; z_index=&#8221;0&#8243; medium_width=&#8221;0&#8243; mobile_width=&#8221;0&#8243; width=&#8221;1\/1&#8243;][vc_custom_heading uncode_shortcode_id=&#8221;107253&#8243;]<strong>EVISAP brings health research closer to citizens at Ci\u00e8ncia per a Tothom 2026 (UIB)<\/strong>[\/vc_custom_heading][vc_custom_heading text_color=&#8221;color-nhtu&#8221; text_size=&#8221;fontsize-160000&#8243; uncode_shortcode_id=&#8221;813403&#8243; text_color_type=&#8221;uncode-palette&#8221;]7 May 2026[\/vc_custom_heading][vc_column_text uncode_shortcode_id=&#8221;177777&#8243;]The Primary Care, Health Services and Evidence-Based Medicine research group (EVISAP) has participated in a new edition of Ci\u00e8ncia per a Tothom, the main science outreach fair in the Balearic Islands, held from 7 to 9 May on the campus of the University of the Balearic Islands (UIB).<br \/>\nEste evento, impulsado por la UIB, re\u00fane cada a\u00f1o a miles de estudiantes de primaria y secundaria, as\u00ed como al p\u00fablico general, con el objetivo de acercar la ciencia y la tecnolog\u00eda a la ciudadan\u00eda mediante talleres, experimentos y actividades participativas.<br \/>\nIn this context, EVISAP developed the outreach activity \u201cIn search of emotions\u201d, an interactive initiative designed to introduce, in a practical way, concepts related to health research and the study of emotions.<br \/>\nThrough this activity, participants became \u201cemotion detectives\u201d, observing behaviours, identifying emotional states and collecting \u201cclues\u201d to collaboratively build a map of emotions. In this way, they were able to experience how data are generated, analysed and interpreted in research, in an accessible format adapted to different educational levels.<br \/>\nThe activity was designed and delivered by the group\u2019s researchers Pau Riera and Xesca Rebassa, who guided participants through a practical exploration of observation and analytical processes, highlighting the importance of health research from a close and understandable perspective.<br \/>\nParticipation in initiatives such as Ci\u00e8ncia per a Tothom reflects EVISAP\u2019s commitment to scientific dissemination and knowledge transfer, contributing to the promotion of critical thinking and interest in science from an early age.<\/p>\n<p><strong>News item on the newscast<\/strong><\/p>\n<div class=\"x_elementToProof\">\n<ul>\n<li class=\"x_elementToProof\" data-olk-copy-source=\"MessageBody\"><span style=\"color: #0000ff;\">I<a style=\"color: #0000ff;\" href=\"https:\/\/ib3.org\/ciencia-per-a-tothom-aplega-un-centenar-dactivitats-i-experiments-al-campus-de-la-uib\">B3 Not\u00edcies<\/a><\/span><\/li>\n<li data-olk-copy-source=\"MessageBody\"><span style=\"color: #0000ff;\"><a style=\"color: #0000ff;\" href=\"https:\/\/www.diariodemallorca.es\/videos\/mallorca\/2026\/05\/07\/video-feria-ciencia-per-tothom-129957202.html\">Diario de Mallorca<\/a><\/span><\/li>\n<\/ul>\n<div class=\"x_elementToProof\"><\/div>\n<\/div>\n<p>[\/vc_column_text][vc_gallery el_id=&#8221;gallery-933846&#8243; medias=&#8221;104848,104854,104857,104860,104863,104845&#8243; gutter_size=&#8221;3&#8243; screen_lg=&#8221;1000&#8243; screen_md=&#8221;600&#8243; screen_sm=&#8221;480&#8243; single_overlay_opacity=&#8221;50&#8243; single_padding=&#8221;2&#8243; uncode_shortcode_id=&#8221;254596&#8243;][vc_single_image media=&#8221;104868&#8243; media_width_percent=&#8221;100&#8243; uncode_shortcode_id=&#8221;172378&#8243;][\/vc_column][\/vc_row]<\/p>\n","protected":false},"excerpt":{"rendered":"<p>[vc_row row_height_percent=&#8221;0&#8243; override_padding=&#8221;yes&#8221; h_padding=&#8221;2&#8243; top_padding=&#8221;4&#8243; bottom_padding=&#8221;4&#8243; back_color=&#8221;color-lxmt&#8221; overlay_alpha=&#8221;50&#8243; gutter_size=&#8221;3&#8243; column_width_percent=&#8221;100&#8243; shift_y=&#8221;0&#8243; z_index=&#8221;0&#8243; uncode_shortcode_id=&#8221;186054&#8243; back_color_type=&#8221;uncode-palette&#8221; row_name=&#8221;noticias&#8221; el_class=&#8221;customTab&#8221;][vc_column column_width_percent=&#8221;100&#8243; gutter_size=&#8221;3&#8243; overlay_alpha=&#8221;50&#8243; shift_x=&#8221;0&#8243; [&hellip;]<\/p>\n","protected":false},"author":3,"featured_media":0,"parent":0,"menu_order":0,"comment_status":"closed","ping_status":"closed","template":"","meta":{"footnotes":""},"class_list":["post-104875","page","type-page","status-publish","hentry"],"yoast_head":"<!-- This site is optimized with the Yoast SEO plugin v21.0 - https:\/\/yoast.com\/wordpress\/plugins\/seo\/ -->\n<title>Science for everyone 2026 - EVISAP<\/title>\n<meta name=\"description\" content=\"Here we show the main news related to the health services of the Balearic Islands.\" \/>\n<meta name=\"robots\" content=\"index, follow, max-snippet:-1, max-image-preview:large, max-video-preview:-1\" \/>\n<link rel=\"canonical\" href=\"https:\/\/evisap.es\/en\/science-for-everyone-2026\/\" \/>\n<meta property=\"og:locale\" content=\"en_US\" \/>\n<meta property=\"og:type\" content=\"article\" \/>\n<meta property=\"og:title\" content=\"Science for everyone 2026 - EVISAP\" \/>\n<meta property=\"og:description\" content=\"Here we show the main news related to the health services of the Balearic Islands.\" \/>\n<meta property=\"og:url\" content=\"https:\/\/evisap.es\/en\/science-for-everyone-2026\/\" \/>\n<meta property=\"og:site_name\" content=\"EVISAP\" \/>\n<meta property=\"article:modified_time\" content=\"2026-05-11T13:11:39+00:00\" \/>\n<meta name=\"twitter:card\" content=\"summary_large_image\" \/>\n<meta name=\"twitter:label1\" content=\"Est. reading time\" \/>\n\t<meta name=\"twitter:data1\" content=\"2 minutes\" \/>\n<script type=\"application\/ld+json\" class=\"yoast-schema-graph\">{\"@context\":\"https:\/\/schema.org\",\"@graph\":[{\"@type\":\"WebPage\",\"@id\":\"https:\/\/evisap.es\/en\/science-for-everyone-2026\/\",\"url\":\"https:\/\/evisap.es\/en\/science-for-everyone-2026\/\",\"name\":\"Science for everyone 2026 - EVISAP\",\"isPartOf\":{\"@id\":\"https:\/\/evisap.es\/en\/#website\"},\"datePublished\":\"2026-05-08T13:46:49+00:00\",\"dateModified\":\"2026-05-11T13:11:39+00:00\",\"description\":\"Here we show the main news related to the health services of the Balearic Islands.\",\"breadcrumb\":{\"@id\":\"https:\/\/evisap.es\/en\/science-for-everyone-2026\/#breadcrumb\"},\"inLanguage\":\"en-US\",\"potentialAction\":[{\"@type\":\"ReadAction\",\"target\":[\"https:\/\/evisap.es\/en\/science-for-everyone-2026\/\"]}]},{\"@type\":\"BreadcrumbList\",\"@id\":\"https:\/\/evisap.es\/en\/science-for-everyone-2026\/#breadcrumb\",\"itemListElement\":[{\"@type\":\"ListItem\",\"position\":1,\"name\":\"Portada\",\"item\":\"https:\/\/evisap.es\/en\/\"},{\"@type\":\"ListItem\",\"position\":2,\"name\":\"Science for everyone 2026\"}]},{\"@type\":\"WebSite\",\"@id\":\"https:\/\/evisap.es\/en\/#website\",\"url\":\"https:\/\/evisap.es\/en\/\",\"name\":\"EVISAP\",\"description\":\"EVISAP\",\"potentialAction\":[{\"@type\":\"SearchAction\",\"target\":{\"@type\":\"EntryPoint\",\"urlTemplate\":\"https:\/\/evisap.es\/en\/?s={search_term_string}\"},\"query-input\":\"required name=search_term_string\"}],\"inLanguage\":\"en-US\"}]}<\/script>\n<!-- \/ Yoast SEO plugin. -->","yoast_head_json":{"title":"Science for everyone 2026 - EVISAP","description":"Here we show the main news related to the health services of the Balearic Islands.","robots":{"index":"index","follow":"follow","max-snippet":"max-snippet:-1","max-image-preview":"max-image-preview:large","max-video-preview":"max-video-preview:-1"},"canonical":"https:\/\/evisap.es\/en\/science-for-everyone-2026\/","og_locale":"en_US","og_type":"article","og_title":"Science for everyone 2026 - EVISAP","og_description":"Here we show the main news related to the health services of the Balearic Islands.","og_url":"https:\/\/evisap.es\/en\/science-for-everyone-2026\/","og_site_name":"EVISAP","article_modified_time":"2026-05-11T13:11:39+00:00","twitter_card":"summary_large_image","twitter_misc":{"Est. reading time":"2 minutes"},"schema":{"@context":"https:\/\/schema.org","@graph":[{"@type":"WebPage","@id":"https:\/\/evisap.es\/en\/science-for-everyone-2026\/","url":"https:\/\/evisap.es\/en\/science-for-everyone-2026\/","name":"Science for everyone 2026 - EVISAP","isPartOf":{"@id":"https:\/\/evisap.es\/en\/#website"},"datePublished":"2026-05-08T13:46:49+00:00","dateModified":"2026-05-11T13:11:39+00:00","description":"Here we show the main news related to the health services of the Balearic Islands.","breadcrumb":{"@id":"https:\/\/evisap.es\/en\/science-for-everyone-2026\/#breadcrumb"},"inLanguage":"en-US","potentialAction":[{"@type":"ReadAction","target":["https:\/\/evisap.es\/en\/science-for-everyone-2026\/"]}]},{"@type":"BreadcrumbList","@id":"https:\/\/evisap.es\/en\/science-for-everyone-2026\/#breadcrumb","itemListElement":[{"@type":"ListItem","position":1,"name":"Portada","item":"https:\/\/evisap.es\/en\/"},{"@type":"ListItem","position":2,"name":"Science for everyone 2026"}]},{"@type":"WebSite","@id":"https:\/\/evisap.es\/en\/#website","url":"https:\/\/evisap.es\/en\/","name":"EVISAP","description":"EVISAP","potentialAction":[{"@type":"SearchAction","target":{"@type":"EntryPoint","urlTemplate":"https:\/\/evisap.es\/en\/?s={search_term_string}"},"query-input":"required name=search_term_string"}],"inLanguage":"en-US"}]}},"_links":{"self":[{"href":"https:\/\/evisap.es\/en\/wp-json\/wp\/v2\/pages\/104875","targetHints":{"allow":["GET"]}}],"collection":[{"href":"https:\/\/evisap.es\/en\/wp-json\/wp\/v2\/pages"}],"about":[{"href":"https:\/\/evisap.es\/en\/wp-json\/wp\/v2\/types\/page"}],"author":[{"embeddable":true,"href":"https:\/\/evisap.es\/en\/wp-json\/wp\/v2\/users\/3"}],"replies":[{"embeddable":true,"href":"https:\/\/evisap.es\/en\/wp-json\/wp\/v2\/comments?post=104875"}],"version-history":[{"count":6,"href":"https:\/\/evisap.es\/en\/wp-json\/wp\/v2\/pages\/104875\/revisions"}],"predecessor-version":[{"id":104886,"href":"https:\/\/evisap.es\/en\/wp-json\/wp\/v2\/pages\/104875\/revisions\/104886"}],"wp:attachment":[{"href":"https:\/\/evisap.es\/en\/wp-json\/wp\/v2\/media?parent=104875"}],"curies":[{"name":"wp","href":"https:\/\/api.w.org\/{rel}","templated":true}]}}