{"id":104871,"date":"2026-05-08T13:46:49","date_gmt":"2026-05-08T13:46:49","guid":{"rendered":"https:\/\/evisap.es\/ciencia-per-a-tothom-2026\/"},"modified":"2026-05-11T13:11:39","modified_gmt":"2026-05-11T13:11:39","slug":"ciencia-per-a-tothom-2026","status":"publish","type":"page","link":"https:\/\/evisap.es\/ca\/ciencia-per-a-tothom-2026\/","title":{"rendered":"Ci\u00e8ncia per a Tothom 2026"},"content":{"rendered":"<p>[vc_row row_height_percent=&#8221;0&#8243; override_padding=&#8221;yes&#8221; h_padding=&#8221;2&#8243; top_padding=&#8221;4&#8243; bottom_padding=&#8221;4&#8243; back_color=&#8221;color-lxmt&#8221; overlay_alpha=&#8221;50&#8243; gutter_size=&#8221;3&#8243; column_width_percent=&#8221;100&#8243; shift_y=&#8221;0&#8243; z_index=&#8221;0&#8243; uncode_shortcode_id=&#8221;186054&#8243; back_color_type=&#8221;uncode-palette&#8221; row_name=&#8221;noticias&#8221; el_class=&#8221;customTab&#8221;][vc_column column_width_percent=&#8221;100&#8243; gutter_size=&#8221;3&#8243; overlay_alpha=&#8221;50&#8243; shift_x=&#8221;0&#8243; shift_y=&#8221;0&#8243; shift_y_down=&#8221;0&#8243; z_index=&#8221;0&#8243; medium_width=&#8221;0&#8243; mobile_width=&#8221;0&#8243; width=&#8221;1\/1&#8243;][vc_custom_heading uncode_shortcode_id=&#8221;107253&#8243;]<strong>EVISAP acosta la recerca en salut a la ciutadania a Ci\u00e8ncia per a Tothom 2026 (UIB)<\/strong>[\/vc_custom_heading][vc_custom_heading text_color=&#8221;color-nhtu&#8221; text_size=&#8221;fontsize-160000&#8243; uncode_shortcode_id=&#8221;813403&#8243; text_color_type=&#8221;uncode-palette&#8221;]7 maig 2026[\/vc_custom_heading][vc_column_text uncode_shortcode_id=&#8221;177777&#8243;]El grup de recerca Atenci\u00f3 Prim\u00e0ria, Serveis de Salut i Medicina Basada en l\u2019Evid\u00e8ncia (EVISAP) ha participat en una nova edici\u00f3 de Ci\u00e8ncia per a Tothom, la principal fira de divulgaci\u00f3 cient\u00edfica de les Illes Balears, celebrada del 7 al 9 de maig al campus de la Universitat de les Illes Balears (UIB).<br \/>\nAquest esdeveniment, impulsat per la UIB, reuneix cada any milers d\u2019estudiants de prim\u00e0ria i secund\u00e0ria, aix\u00ed com el p\u00fablic general, amb l\u2019objectiu d\u2019apropar la ci\u00e8ncia i la tecnologia a la ciutadania mitjan\u00e7ant tallers, experiments i activitats participatives.<br \/>\nEn aquest context, EVISAP ha desenvolupat l\u2019activitat divulgativa \u201cA la recerca de les emocions\u201d, una proposta interactiva dirigida a introduir de manera pr\u00e0ctica conceptes relacionats amb la recerca en salut i l\u2019estudi de les emocions.<br \/>\nA trav\u00e9s d\u2019aquesta activitat, els participants es varen convertir en \u201cdetectius d\u2019emocions\u201d, observant comportaments, identificant estats emocionals i recollint \u201cpistes\u201d per construir de manera conjunta un mapa d\u2019emocions. D\u2019aquesta manera, varen poder experimentar com es generen, s\u2019analitzen i s\u2019interpreten les dades en recerca, en un format accessible i adaptat a diferents nivells educatius.<br \/>\nL\u2019activitat va ser dissenyada i dinamitzada pels investigadors del grup Pau Riera i Xesca Rebassa, que varen guiar els participants en un recorregut pr\u00e0ctic pel proc\u00e9s d\u2019observaci\u00f3 i an\u00e0lisi, posant en valor la import\u00e0ncia de la recerca en salut des d\u2019una perspectiva propera i comprensible.<br \/>\nLa participaci\u00f3 en iniciatives com Ci\u00e8ncia per a Tothom reflecteix el comprom\u00eds d\u2019EVISAP amb la divulgaci\u00f3 cient\u00edfica i la transfer\u00e8ncia del coneixement, contribuint a fomentar el pensament cr\u00edtic i l\u2019inter\u00e8s per la ci\u00e8ncia des d\u2019edats primerenques.<\/p>\n<p><strong>Not\u00edcia als informatius<\/strong><\/p>\n<div class=\"x_elementToProof\">\n<ul>\n<li class=\"x_elementToProof\" data-olk-copy-source=\"MessageBody\"><span style=\"color: #0000ff;\">I<a style=\"color: #0000ff;\" href=\"https:\/\/ib3.org\/ciencia-per-a-tothom-aplega-un-centenar-dactivitats-i-experiments-al-campus-de-la-uib\">B3 Not\u00edcies<\/a><\/span><\/li>\n<li data-olk-copy-source=\"MessageBody\"><span style=\"color: #0000ff;\"><a style=\"color: #0000ff;\" href=\"https:\/\/www.diariodemallorca.es\/videos\/mallorca\/2026\/05\/07\/video-feria-ciencia-per-tothom-129957202.html\">Diari de Mallorca<\/a><\/span><\/li>\n<\/ul>\n<div class=\"x_elementToProof\"><\/div>\n<\/div>\n<p>[\/vc_column_text][vc_gallery el_id=&#8221;gallery-933846&#8243; medias=&#8221;104847,104853,104856,104859,104862,104844&#8243; gutter_size=&#8221;3&#8243; screen_lg=&#8221;1000&#8243; screen_md=&#8221;600&#8243; screen_sm=&#8221;480&#8243; single_overlay_opacity=&#8221;50&#8243; single_padding=&#8221;2&#8243; uncode_shortcode_id=&#8221;254596&#8243;][vc_single_image media=&#8221;104867&#8243; media_width_percent=&#8221;100&#8243; uncode_shortcode_id=&#8221;172378&#8243;][\/vc_column][\/vc_row]<\/p>\n","protected":false},"excerpt":{"rendered":"<p>[vc_row row_height_percent=&#8221;0&#8243; override_padding=&#8221;yes&#8221; h_padding=&#8221;2&#8243; top_padding=&#8221;4&#8243; bottom_padding=&#8221;4&#8243; back_color=&#8221;color-lxmt&#8221; overlay_alpha=&#8221;50&#8243; gutter_size=&#8221;3&#8243; column_width_percent=&#8221;100&#8243; shift_y=&#8221;0&#8243; z_index=&#8221;0&#8243; uncode_shortcode_id=&#8221;186054&#8243; back_color_type=&#8221;uncode-palette&#8221; row_name=&#8221;noticias&#8221; el_class=&#8221;customTab&#8221;][vc_column column_width_percent=&#8221;100&#8243; gutter_size=&#8221;3&#8243; overlay_alpha=&#8221;50&#8243; shift_x=&#8221;0&#8243; [&hellip;]<\/p>\n","protected":false},"author":3,"featured_media":0,"parent":0,"menu_order":0,"comment_status":"closed","ping_status":"closed","template":"","meta":{"footnotes":""},"class_list":["post-104871","page","type-page","status-publish","hentry"],"yoast_head":"<!-- This site is optimized with the Yoast SEO plugin v21.0 - https:\/\/yoast.com\/wordpress\/plugins\/seo\/ -->\n<title>Ci\u00e8ncia per a Tothom 2026 - EVISAP<\/title>\n<meta name=\"description\" content=\"Aqu\u00ed mostram les principals not\u00edcies relacionades amb els serveis de salut de les Illes Balears.\" \/>\n<meta name=\"robots\" content=\"index, follow, max-snippet:-1, max-image-preview:large, max-video-preview:-1\" \/>\n<link rel=\"canonical\" href=\"https:\/\/evisap.es\/ca\/ciencia-per-a-tothom-2026\/\" \/>\n<meta property=\"og:locale\" content=\"ca_ES\" \/>\n<meta property=\"og:type\" content=\"article\" \/>\n<meta property=\"og:title\" content=\"Ci\u00e8ncia per a Tothom 2026 - EVISAP\" \/>\n<meta property=\"og:description\" content=\"Aqu\u00ed mostram les principals not\u00edcies relacionades amb els serveis de salut de les Illes Balears.\" \/>\n<meta property=\"og:url\" content=\"https:\/\/evisap.es\/ca\/ciencia-per-a-tothom-2026\/\" \/>\n<meta property=\"og:site_name\" content=\"EVISAP\" \/>\n<meta property=\"article:modified_time\" content=\"2026-05-11T13:11:39+00:00\" \/>\n<meta name=\"twitter:card\" content=\"summary_large_image\" \/>\n<meta name=\"twitter:label1\" content=\"Temps estimat de lectura\" \/>\n\t<meta name=\"twitter:data1\" content=\"2 minuts\" \/>\n<script type=\"application\/ld+json\" class=\"yoast-schema-graph\">{\"@context\":\"https:\/\/schema.org\",\"@graph\":[{\"@type\":\"WebPage\",\"@id\":\"https:\/\/evisap.es\/ca\/ciencia-per-a-tothom-2026\/\",\"url\":\"https:\/\/evisap.es\/ca\/ciencia-per-a-tothom-2026\/\",\"name\":\"Ci\u00e8ncia per a Tothom 2026 - EVISAP\",\"isPartOf\":{\"@id\":\"https:\/\/evisap.es\/ca\/#website\"},\"datePublished\":\"2026-05-08T13:46:49+00:00\",\"dateModified\":\"2026-05-11T13:11:39+00:00\",\"description\":\"Aqu\u00ed mostram les principals not\u00edcies relacionades amb els serveis de salut de les Illes Balears.\",\"breadcrumb\":{\"@id\":\"https:\/\/evisap.es\/ca\/ciencia-per-a-tothom-2026\/#breadcrumb\"},\"inLanguage\":\"ca\",\"potentialAction\":[{\"@type\":\"ReadAction\",\"target\":[\"https:\/\/evisap.es\/ca\/ciencia-per-a-tothom-2026\/\"]}]},{\"@type\":\"BreadcrumbList\",\"@id\":\"https:\/\/evisap.es\/ca\/ciencia-per-a-tothom-2026\/#breadcrumb\",\"itemListElement\":[{\"@type\":\"ListItem\",\"position\":1,\"name\":\"Portada\",\"item\":\"https:\/\/evisap.es\/ca\/\"},{\"@type\":\"ListItem\",\"position\":2,\"name\":\"Ci\u00e8ncia per a Tothom 2026\"}]},{\"@type\":\"WebSite\",\"@id\":\"https:\/\/evisap.es\/ca\/#website\",\"url\":\"https:\/\/evisap.es\/ca\/\",\"name\":\"EVISAP\",\"description\":\"EVISAP\",\"potentialAction\":[{\"@type\":\"SearchAction\",\"target\":{\"@type\":\"EntryPoint\",\"urlTemplate\":\"https:\/\/evisap.es\/ca\/?s={search_term_string}\"},\"query-input\":\"required name=search_term_string\"}],\"inLanguage\":\"ca\"}]}<\/script>\n<!-- \/ Yoast SEO plugin. -->","yoast_head_json":{"title":"Ci\u00e8ncia per a Tothom 2026 - EVISAP","description":"Aqu\u00ed mostram les principals not\u00edcies relacionades amb els serveis de salut de les Illes Balears.","robots":{"index":"index","follow":"follow","max-snippet":"max-snippet:-1","max-image-preview":"max-image-preview:large","max-video-preview":"max-video-preview:-1"},"canonical":"https:\/\/evisap.es\/ca\/ciencia-per-a-tothom-2026\/","og_locale":"ca_ES","og_type":"article","og_title":"Ci\u00e8ncia per a Tothom 2026 - EVISAP","og_description":"Aqu\u00ed mostram les principals not\u00edcies relacionades amb els serveis de salut de les Illes Balears.","og_url":"https:\/\/evisap.es\/ca\/ciencia-per-a-tothom-2026\/","og_site_name":"EVISAP","article_modified_time":"2026-05-11T13:11:39+00:00","twitter_card":"summary_large_image","twitter_misc":{"Temps estimat de lectura":"2 minuts"},"schema":{"@context":"https:\/\/schema.org","@graph":[{"@type":"WebPage","@id":"https:\/\/evisap.es\/ca\/ciencia-per-a-tothom-2026\/","url":"https:\/\/evisap.es\/ca\/ciencia-per-a-tothom-2026\/","name":"Ci\u00e8ncia per a Tothom 2026 - EVISAP","isPartOf":{"@id":"https:\/\/evisap.es\/ca\/#website"},"datePublished":"2026-05-08T13:46:49+00:00","dateModified":"2026-05-11T13:11:39+00:00","description":"Aqu\u00ed mostram les principals not\u00edcies relacionades amb els serveis de salut de les Illes Balears.","breadcrumb":{"@id":"https:\/\/evisap.es\/ca\/ciencia-per-a-tothom-2026\/#breadcrumb"},"inLanguage":"ca","potentialAction":[{"@type":"ReadAction","target":["https:\/\/evisap.es\/ca\/ciencia-per-a-tothom-2026\/"]}]},{"@type":"BreadcrumbList","@id":"https:\/\/evisap.es\/ca\/ciencia-per-a-tothom-2026\/#breadcrumb","itemListElement":[{"@type":"ListItem","position":1,"name":"Portada","item":"https:\/\/evisap.es\/ca\/"},{"@type":"ListItem","position":2,"name":"Ci\u00e8ncia per a Tothom 2026"}]},{"@type":"WebSite","@id":"https:\/\/evisap.es\/ca\/#website","url":"https:\/\/evisap.es\/ca\/","name":"EVISAP","description":"EVISAP","potentialAction":[{"@type":"SearchAction","target":{"@type":"EntryPoint","urlTemplate":"https:\/\/evisap.es\/ca\/?s={search_term_string}"},"query-input":"required name=search_term_string"}],"inLanguage":"ca"}]}},"_links":{"self":[{"href":"https:\/\/evisap.es\/ca\/wp-json\/wp\/v2\/pages\/104871","targetHints":{"allow":["GET"]}}],"collection":[{"href":"https:\/\/evisap.es\/ca\/wp-json\/wp\/v2\/pages"}],"about":[{"href":"https:\/\/evisap.es\/ca\/wp-json\/wp\/v2\/types\/page"}],"author":[{"embeddable":true,"href":"https:\/\/evisap.es\/ca\/wp-json\/wp\/v2\/users\/3"}],"replies":[{"embeddable":true,"href":"https:\/\/evisap.es\/ca\/wp-json\/wp\/v2\/comments?post=104871"}],"version-history":[{"count":6,"href":"https:\/\/evisap.es\/ca\/wp-json\/wp\/v2\/pages\/104871\/revisions"}],"predecessor-version":[{"id":104885,"href":"https:\/\/evisap.es\/ca\/wp-json\/wp\/v2\/pages\/104871\/revisions\/104885"}],"wp:attachment":[{"href":"https:\/\/evisap.es\/ca\/wp-json\/wp\/v2\/media?parent=104871"}],"curies":[{"name":"wp","href":"https:\/\/api.w.org\/{rel}","templated":true}]}}