{"id":104277,"date":"2025-05-03T06:15:47","date_gmt":"2025-05-03T06:15:47","guid":{"rendered":"https:\/\/evisap.es\/u-mbe\/"},"modified":"2025-07-21T10:54:00","modified_gmt":"2025-07-21T10:54:00","slug":"umbe","status":"publish","type":"page","link":"https:\/\/evisap.es\/ca\/umbe\/","title":{"rendered":"U MBE"},"content":{"rendered":"<p>[vc_row row_height_percent=&#8221;0&#8243; override_padding=&#8221;yes&#8221; h_padding=&#8221;2&#8243; top_padding=&#8221;4&#8243; bottom_padding=&#8221;3&#8243; overlay_alpha=&#8221;50&#8243; gutter_size=&#8221;3&#8243; column_width_percent=&#8221;100&#8243; shift_y=&#8221;0&#8243; z_index=&#8221;0&#8243; uncode_shortcode_id=&#8221;907854&#8243; row_name=&#8221;umbedidisba&#8221;][vc_column column_width_percent=&#8221;100&#8243; gutter_size=&#8221;3&#8243; overlay_alpha=&#8221;50&#8243; shift_x=&#8221;0&#8243; shift_y=&#8221;0&#8243; shift_y_down=&#8221;0&#8243; z_index=&#8221;0&#8243; medium_width=&#8221;0&#8243; mobile_width=&#8221;0&#8243; sticky=&#8221;yes&#8221; width=&#8221;1\/1&#8243; uncode_shortcode_id=&#8221;420656&#8243; el_class=&#8221;customTab&#8221;][vc_custom_heading text_size=&#8221;h3&#8243; text_weight=&#8221;300&#8243; text_height=&#8221;fontheight-357766&#8243; sub_reduced=&#8221;yes&#8221; uncode_shortcode_id=&#8221;130628&#8243;]Unitat de Medicina Basada en l\u2019Evid\u00e8ncia \u2013 IdISBa[\/vc_custom_heading][vc_separator sep_color=&#8221;color-uydo&#8221;][vc_row_inner limit_content=&#8221;&#8221;][vc_column_inner width=&#8221;1\/3&#8243;][vc_gallery el_id=&#8221;gallery-199668&#8243; medias=&#8221;102723&#8243; gutter_size=&#8221;3&#8243; screen_lg=&#8221;1000&#8243; screen_md=&#8221;600&#8243; screen_sm=&#8221;480&#8243; single_overlay_opacity=&#8221;50&#8243; single_padding=&#8221;2&#8243; uncode_shortcode_id=&#8221;198785&#8243;][\/vc_column_inner][vc_column_inner width=&#8221;2\/3&#8243;][vc_column_text uncode_shortcode_id=&#8221;913936&#8243;]<\/p>\n<p class=\"\" data-start=\"477\" data-end=\"984\">La Unitat de Medicina Basada en l\u2019Evid\u00e8ncia (UMBE) de l\u2019Institut d\u2019Investigaci\u00f3 Sanit\u00e0ria Illes Balears (IdISBa) \u00e9s una estructura transversal orientada a integrar l\u2019evid\u00e8ncia cient\u00edfica en els diferents nivells del sistema sanitari. Des de la seva creaci\u00f3 el 2008, la unitat ha desenvolupat una intensa activitat en l\u2019\u00e0mbit de la recerca aplicada, oferint suport metodol\u00f2gic, generant s\u00edntesi d\u2019evid\u00e8ncia i col\u00b7laborant en l\u2019elaboraci\u00f3 de recomanacions cl\u00edniques i de pol\u00edtiques de salut.<\/p>\n<p class=\"\" data-start=\"986\" data-end=\"1189\">L\u2019UMBE actua com un nexe entre la recerca i la presa de decisions sanit\u00e0ries, ajudant que l\u2019evid\u00e8ncia disponible sigui accessible, comprensible i \u00fatil per a professionals, gestors i ciutadania.<\/p>\n<p>[\/vc_column_text][\/vc_column_inner][\/vc_row_inner][\/vc_column][\/vc_row][vc_row row_height_percent=&#8221;0&#8243; override_padding=&#8221;yes&#8221; h_padding=&#8221;2&#8243; top_padding=&#8221;2&#8243; bottom_padding=&#8221;3&#8243; overlay_alpha=&#8221;50&#8243; gutter_size=&#8221;3&#8243; column_width_percent=&#8221;100&#8243; shift_y=&#8221;0&#8243; z_index=&#8221;0&#8243; uncode_shortcode_id=&#8221;176569&#8243; row_name=&#8221;servicios2&#8243;][vc_column column_width_percent=&#8221;100&#8243; gutter_size=&#8221;3&#8243; overlay_alpha=&#8221;50&#8243; shift_x=&#8221;0&#8243; shift_y=&#8221;0&#8243; shift_y_down=&#8221;0&#8243; z_index=&#8221;0&#8243; medium_width=&#8221;0&#8243; mobile_width=&#8221;0&#8243; sticky=&#8221;yes&#8221; width=&#8221;1\/1&#8243; uncode_shortcode_id=&#8221;420656&#8243; el_class=&#8221;customTab&#8221;][vc_custom_heading text_size=&#8221;h3&#8243; text_weight=&#8221;300&#8243; text_height=&#8221;fontheight-357766&#8243; sub_reduced=&#8221;yes&#8221; uncode_shortcode_id=&#8221;108695&#8243;]Serveis i tarifes[\/vc_custom_heading][vc_separator sep_color=&#8221;color-uydo&#8221;][vc_row_inner limit_content=&#8221;&#8221;][vc_column_inner width=&#8221;1\/3&#8243;][vc_single_image media=&#8221;103943&#8243; media_width_percent=&#8221;100&#8243; uncode_shortcode_id=&#8221;398928&#8243;][\/vc_column_inner][vc_column_inner width=&#8221;2\/3&#8243;][vc_column_text uncode_shortcode_id=&#8221;133416&#8243;]<\/p>\n<ul>\n<li data-leveltext=\"o\" data-font=\"Courier New\" data-listid=\"8\" data-list-defn-props=\"{&quot;335552541&quot;:1,&quot;335559685&quot;:720,&quot;335559991&quot;:360,&quot;469769226&quot;:&quot;Courier New&quot;,&quot;469769242&quot;:invalid_tags_codes_0|,&quot;469777803&quot;:&quot;left&quot;,&quot;469777804&quot;:&quot;o&quot;,&quot;469777815&quot;:&quot;multilevel&quot;}\" aria-setsize=\"-1\" data-aria-posinset=\"1\" data-aria-level=\"1\"><span data-contrast=\"auto\">L\u2019UMBE t\u00e9 \u00e0mplia experi\u00e8ncia en revisions sistem\u00e0tiques i metodologies avan\u00e7ades, i ofereix un enfocament integral i flexible en els seus serveis, que inclouen:<\/span>\n<ul>\n<li data-leveltext=\"\uf0b7\" data-font=\"Symbol\" data-listid=\"3\" data-list-defn-props=\"{\" aria-setsize=\"-1\" data-aria-posinset=\"1\" data-aria-level=\"1\"><span data-contrast=\"auto\">Disseny de protocols de revisi\u00f3 sistem\u00e0tica.<\/span><\/li>\n<\/ul>\n<ul>\n<li data-leveltext=\"\uf0b7\" data-font=\"Symbol\" data-listid=\"3\" data-list-defn-props=\"{\" aria-setsize=\"-1\" data-aria-posinset=\"2\" data-aria-level=\"1\"><span data-contrast=\"auto\">Disseny d&#8217;estrat\u00e8gies avan\u00e7ades de cerca bibliogr\u00e0fica.<\/span><\/li>\n<\/ul>\n<ul>\n<li data-leveltext=\"\uf0b7\" data-font=\"Symbol\" data-listid=\"3\" data-list-defn-props=\"{\" aria-setsize=\"-1\" data-aria-posinset=\"3\" data-aria-level=\"1\"><span data-contrast=\"auto\">Cribratge, extracci\u00f3 de dades i avaluaci\u00f3 del risc de biaix.<\/span><\/li>\n<\/ul>\n<ul>\n<li data-leveltext=\"\uf0b7\" data-font=\"Symbol\" data-listid=\"3\" data-list-defn-props=\"{\" aria-setsize=\"-1\" data-aria-posinset=\"4\" data-aria-level=\"1\"><span data-contrast=\"auto\">S\u00edntesi de resultats quantitatius i qualitatius mitjan\u00e7ant meta-an\u00e0lisi i meta-s\u00edntesi, garantint an\u00e0lisis exhaustius i fiables.<\/span><\/li>\n<\/ul>\n<ul>\n<li data-leveltext=\"\uf0b7\" data-font=\"Symbol\" data-listid=\"3\" data-list-defn-props=\"{\" aria-setsize=\"-1\" data-aria-posinset=\"5\" data-aria-level=\"1\"><span data-contrast=\"auto\">Avaluaci\u00f3 de la qualitat de l&#8217;evid\u00e8ncia i formulaci\u00f3 de recomanacions basades en marcs GRADE Evidence to Decision (EtD), que garanteixen un enfocament sistem\u00e0tic i transparent per a la presa de decisions informades.<\/span><\/li>\n<\/ul>\n<p><span data-contrast=\"auto\">Els nostres serveis s\u00f3n flexibles i s&#8217;adapten a les necessitats espec\u00edfiques de cada client, oferint tant assessorament metodol\u00f2gic com la realitzaci\u00f3 completa o parcial de revisions sistem\u00e0tiques.<\/span><\/p>\n<p><strong><a href=\"https:\/\/evisap.es\/wp-content\/uploads\/2024\/11\/tarifas.pdf\">CONEIX LES NOSTRES TARIFES AQU\u00cd<\/a><\/strong><\/li>\n<\/ul>\n<p>[\/vc_column_text][\/vc_column_inner][\/vc_row_inner][\/vc_column][\/vc_row][vc_row row_height_percent=&#8221;0&#8243; override_padding=&#8221;yes&#8221; h_padding=&#8221;2&#8243; top_padding=&#8221;2&#8243; bottom_padding=&#8221;3&#8243; overlay_alpha=&#8221;50&#8243; gutter_size=&#8221;3&#8243; column_width_percent=&#8221;100&#8243; shift_y=&#8221;0&#8243; z_index=&#8221;0&#8243; uncode_shortcode_id=&#8221;679820&#8243; row_name=&#8221;revisiones&#8221;][vc_column column_width_percent=&#8221;100&#8243; gutter_size=&#8221;3&#8243; overlay_alpha=&#8221;50&#8243; shift_x=&#8221;0&#8243; shift_y=&#8221;0&#8243; shift_y_down=&#8221;0&#8243; z_index=&#8221;0&#8243; medium_width=&#8221;0&#8243; mobile_width=&#8221;0&#8243; sticky=&#8221;yes&#8221; width=&#8221;1\/1&#8243; uncode_shortcode_id=&#8221;420656&#8243; el_class=&#8221;customTab&#8221;][vc_custom_heading text_size=&#8221;h3&#8243; text_weight=&#8221;300&#8243; text_height=&#8221;fontheight-357766&#8243; sub_reduced=&#8221;yes&#8221; uncode_shortcode_id=&#8221;262333&#8243;]Col\u00b7laboracions estrat\u00e8giques[\/vc_custom_heading][vc_separator sep_color=&#8221;color-uydo&#8221;][vc_row_inner limit_content=&#8221;&#8221;][vc_column_inner width=&#8221;1\/3&#8243;][vc_single_image media=&#8221;101897&#8243; media_width_percent=&#8221;100&#8243; uncode_shortcode_id=&#8221;161786&#8243;][\/vc_column_inner][vc_column_inner width=&#8221;2\/3&#8243;][vc_column_text uncode_shortcode_id=&#8221;437212&#8243;]<\/p>\n<p class=\"\" data-start=\"2066\" data-end=\"2182\">L\u2019UMBE mant\u00e9 una activa xarxa de col\u00b7laboracions amb entitats de refer\u00e8ncia nacional i internacional, incloent:<\/p>\n<ul>\n<li data-start=\"2186\" data-end=\"2224\">Organitzaci\u00f3 Mundial de la Salut (OMS)<\/li>\n<li data-start=\"2227\" data-end=\"2243\">Comissi\u00f3 Europea<\/li>\n<li data-start=\"2246\" data-end=\"2310\">Xarxa Espanyola d\u2019Ag\u00e8ncies d\u2019Avaluaci\u00f3 de Tecnologies Sanit\u00e0ries<\/li>\n<li data-start=\"2313\" data-end=\"2370\">Acad\u00e8mia Europea d\u2019Alergia i Immunologia Cl\u00ednica (EAACI)<\/li>\n<li data-start=\"2373\" data-end=\"2429\">Universitats i hospitals de l\u2019entorn balear i nacional<\/li>\n<\/ul>\n<p>Aquestes aliances permeten posicionar la unitat com un node clau en la producci\u00f3 de coneixement aplicat i en l\u2019enfortiment de pol\u00edtiques basades en evid\u00e8ncia.[\/vc_column_text][\/vc_column_inner][\/vc_row_inner][\/vc_column][\/vc_row][vc_row row_height_percent=&#8221;0&#8243; override_padding=&#8221;yes&#8221; h_padding=&#8221;2&#8243; top_padding=&#8221;2&#8243; bottom_padding=&#8221;3&#8243; overlay_alpha=&#8221;50&#8243; gutter_size=&#8221;3&#8243; column_width_percent=&#8221;100&#8243; shift_y=&#8221;0&#8243; z_index=&#8221;0&#8243; uncode_shortcode_id=&#8221;162753&#8243; row_name=&#8221;instituciones&#8221;][vc_column column_width_percent=&#8221;100&#8243; gutter_size=&#8221;3&#8243; overlay_alpha=&#8221;50&#8243; shift_x=&#8221;0&#8243; shift_y=&#8221;0&#8243; shift_y_down=&#8221;0&#8243; z_index=&#8221;0&#8243; medium_width=&#8221;0&#8243; mobile_width=&#8221;0&#8243; sticky=&#8221;yes&#8221; width=&#8221;1\/1&#8243; uncode_shortcode_id=&#8221;420656&#8243; el_class=&#8221;customTab&#8221;][vc_gallery el_id=&#8221;gallery-136730&#8243; medias=&#8221;102701,102702,102703,102704&#8243; gutter_size=&#8221;3&#8243; media_items=&#8221;media|nolink|original,icon&#8221; screen_lg=&#8221;1000&#8243; screen_md=&#8221;600&#8243; screen_sm=&#8221;480&#8243; single_overlay_opacity=&#8221;50&#8243; single_padding=&#8221;2&#8243; uncode_shortcode_id=&#8221;441378&#8243; items=&#8221;eyIxMDE0NDVfaSI6eyJpbWFnZXNfc2l6ZSI6Im9uZS1vbmUifSwiMTAyMTgyX2kiOnsiaW1hZ2VzX3NpemUiOiJvbmUtb25lIiwic2luZ2xlX3dpZHRoIjoiNCIsInNpbmdsZV9vdmVybGF5X29wYWNpdHkiOiIxIiwic2luZ2xlX292ZXJsYXlfYW5pbSI6Im5vIiwic2luZ2xlX3RleHRfYW5pbSI6Im5vIiwic2luZ2xlX2ltYWdlX2FuaW0iOiJubyJ9LCIxMDIyMjZfaSI6eyJzaW5nbGVfd2lkdGgiOiI2IiwiaW1hZ2VzX3NpemUiOiJvbmUtb25lIn0sIjEwMjIyN19pIjp7ImltYWdlc19zaXplIjoib25lLW9uZSJ9LCIxMDIyMjhfaSI6eyJpbWFnZXNfc2l6ZSI6Im9uZS1vbmUiLCJzaW5nbGVfb3ZlcmxheV9vcGFjaXR5IjoiMSIsInNpbmdsZV9vdmVybGF5X2FuaW0iOiJubyIsInNpbmdsZV90ZXh0X2FuaW0iOiJubyIsInNpbmdsZV9pbWFnZV9jb2xvcl9hbmltIjoiIiwic2luZ2xlX2ltYWdlX2FuaW0iOiJubyJ9fQ==&#8221;][\/vc_column][\/vc_row][vc_row row_height_percent=&#8221;0&#8243; override_padding=&#8221;yes&#8221; h_padding=&#8221;2&#8243; top_padding=&#8221;2&#8243; bottom_padding=&#8221;3&#8243; overlay_alpha=&#8221;50&#8243; gutter_size=&#8221;3&#8243; column_width_percent=&#8221;100&#8243; shift_y=&#8221;0&#8243; z_index=&#8221;0&#8243; uncode_shortcode_id=&#8221;404485&#8243; row_name=&#8221;contacto&#8221;][vc_column column_width_percent=&#8221;100&#8243; gutter_size=&#8221;3&#8243; overlay_alpha=&#8221;50&#8243; shift_x=&#8221;0&#8243; shift_y=&#8221;0&#8243; shift_y_down=&#8221;0&#8243; z_index=&#8221;0&#8243; medium_width=&#8221;0&#8243; mobile_width=&#8221;0&#8243; sticky=&#8221;yes&#8221; width=&#8221;1\/1&#8243; uncode_shortcode_id=&#8221;420656&#8243; el_class=&#8221;customTab&#8221;][vc_custom_heading text_size=&#8221;h3&#8243; text_weight=&#8221;300&#8243; text_height=&#8221;fontheight-357766&#8243; sub_reduced=&#8221;yes&#8221; uncode_shortcode_id=&#8221;212817&#8243;]Contacte i col\u00b7laboraci\u00f3[\/vc_custom_heading][vc_separator sep_color=&#8221;color-uydo&#8221;][vc_row_inner limit_content=&#8221;&#8221;][vc_column_inner width=&#8221;1\/3&#8243;][vc_single_image media=&#8221;103940&#8243; media_width_percent=&#8221;100&#8243; uncode_shortcode_id=&#8221;147201&#8243;][\/vc_column_inner][vc_column_inner width=&#8221;2\/3&#8243;][vc_column_text uncode_shortcode_id=&#8221;184912&#8243;]<\/p>\n<p class=\"\" data-start=\"3569\" data-end=\"3780\">L\u2019UMBE est\u00e0 oberta a noves col\u00b7laboracions amb centres de salut, universitats, administracions p\u00fabliques i grups de recerca que comparteixin el seu inter\u00e8s per una sanitat basada en el coneixement rigor\u00f3s.<\/p>\n<p class=\"\" data-start=\"3782\" data-end=\"3961\">\ud83d\udce7 Per a consultes, propostes de col\u00b7laboraci\u00f3 o sol\u00b7licitud de suport metodol\u00f2gic, pots escriure\u2019ns a trav\u00e9s del nostre <a href=\"https:\/\/evisap.es\/ca\/contacte\/\">formulari<\/a>.<\/p>\n<p>[\/vc_column_text][\/vc_column_inner][\/vc_row_inner][\/vc_column][\/vc_row][vc_row row_height_percent=&#8221;0&#8243; override_padding=&#8221;yes&#8221; h_padding=&#8221;2&#8243; top_padding=&#8221;2&#8243; bottom_padding=&#8221;3&#8243; overlay_alpha=&#8221;50&#8243; gutter_size=&#8221;3&#8243; column_width_percent=&#8221;100&#8243; shift_y=&#8221;0&#8243; z_index=&#8221;0&#8243; uncode_shortcode_id=&#8221;627032&#8243; row_name=&#8221;integrantes&#8221;][vc_column column_width_percent=&#8221;100&#8243; gutter_size=&#8221;3&#8243; overlay_alpha=&#8221;50&#8243; shift_x=&#8221;0&#8243; shift_y=&#8221;0&#8243; shift_y_down=&#8221;0&#8243; z_index=&#8221;0&#8243; medium_width=&#8221;0&#8243; mobile_width=&#8221;0&#8243; sticky=&#8221;yes&#8221; width=&#8221;1\/1&#8243; uncode_shortcode_id=&#8221;420656&#8243; el_class=&#8221;customTab&#8221;][vc_custom_heading text_size=&#8221;h3&#8243; text_weight=&#8221;300&#8243; text_height=&#8221;fontheight-357766&#8243; sub_reduced=&#8221;yes&#8221; uncode_shortcode_id=&#8221;173960&#8243;]Equip[\/vc_custom_heading][vc_separator sep_color=&#8221;color-uydo&#8221;][vc_row_inner limit_content=&#8221;&#8221;][vc_column_inner width=&#8221;1\/3&#8243;][vc_single_image media=&#8221;102720&#8243; media_width_percent=&#8221;100&#8243; uncode_shortcode_id=&#8221;192182&#8243;][\/vc_column_inner][vc_column_inner width=&#8221;2\/3&#8243;][vc_column_text uncode_shortcode_id=&#8221;405537&#8243;]<\/p>\n<p class=\"\" data-start=\"2622\" data-end=\"2946\">L\u2019equip de l\u2019UMBE est\u00e0 format per professionals amb formaci\u00f3 en epidemiologia, medicina cl\u00ednica, salut p\u00fablica, documentaci\u00f3 cient\u00edfica i metodologia de la recerca. El seu enfocament multidisciplinari permet abordar projectes complexos des de diferents perspectives, assegurant rigor cient\u00edfic i aplicabilitat pr\u00e0ctica.<\/p>\n<ul>\n<li><span data-contrast=\"auto\">Dr. Ignacio Ricci Cabello, director<\/span><\/li>\n<li><span data-contrast=\"auto\">Dr. Maria Ant\u00f2nia Fiol de Roque, subdirectora<\/span><\/li>\n<li><span data-contrast=\"auto\">Miss Narges Malih, revisora sistem\u00e0tica s\u00e8nior<\/span><\/li>\n<li><span data-contrast=\"auto\">Dr. Pau Riera, revisor sistem\u00e0tic s\u00e8nior<\/span><\/li>\n<li><span data-contrast=\"auto\">Dr Roc\u00edo Zamanillo Campos, revisora sistem\u00e0tica<\/span><\/li>\n<\/ul>\n<p>[\/vc_column_text][\/vc_column_inner][\/vc_row_inner][\/vc_column][\/vc_row][vc_row][vc_column width=&#8221;1\/1&#8243;][vc_empty_space empty_h=&#8221;2&#8243;][vc_column_text uncode_shortcode_id=&#8221;186768&#8243;]Imatges dissenyades per Freepik (www.freepik.com)[\/vc_column_text][\/vc_column][\/vc_row]<\/p>\n","protected":false},"excerpt":{"rendered":"<p>[vc_row row_height_percent=&#8221;0&#8243; override_padding=&#8221;yes&#8221; h_padding=&#8221;2&#8243; top_padding=&#8221;4&#8243; bottom_padding=&#8221;3&#8243; overlay_alpha=&#8221;50&#8243; gutter_size=&#8221;3&#8243; column_width_percent=&#8221;100&#8243; shift_y=&#8221;0&#8243; z_index=&#8221;0&#8243; uncode_shortcode_id=&#8221;907854&#8243; row_name=&#8221;umbedidisba&#8221;][vc_column column_width_percent=&#8221;100&#8243; gutter_size=&#8221;3&#8243; overlay_alpha=&#8221;50&#8243; shift_x=&#8221;0&#8243; shift_y=&#8221;0&#8243; shift_y_down=&#8221;0&#8243; z_index=&#8221;0&#8243; [&hellip;]<\/p>\n","protected":false},"author":3,"featured_media":0,"parent":0,"menu_order":0,"comment_status":"closed","ping_status":"closed","template":"","meta":{"footnotes":""},"class_list":["post-104277","page","type-page","status-publish","hentry"],"yoast_head":"<!-- This site is optimized with the Yoast SEO plugin v21.0 - https:\/\/yoast.com\/wordpress\/plugins\/seo\/ -->\n<title>U MBE - EVISAP<\/title>\n<meta name=\"description\" content=\"Treballam perqu\u00e8 els resultats dels nostres estudis condueixin al desenvolupament de noves eines amb l&#039;objectiu \u00faltim de contribuir a millorar la salut de la nostra poblaci\u00f3.\" \/>\n<meta name=\"robots\" content=\"index, follow, max-snippet:-1, max-image-preview:large, max-video-preview:-1\" \/>\n<link rel=\"canonical\" href=\"https:\/\/evisap.es\/ca\/umbe\/\" \/>\n<meta property=\"og:locale\" content=\"ca_ES\" \/>\n<meta property=\"og:type\" content=\"article\" \/>\n<meta property=\"og:title\" content=\"U MBE - EVISAP\" \/>\n<meta property=\"og:description\" content=\"Treballam perqu\u00e8 els resultats dels nostres estudis condueixin al desenvolupament de noves eines amb l&#039;objectiu \u00faltim de contribuir a millorar la salut de la nostra poblaci\u00f3.\" \/>\n<meta property=\"og:url\" content=\"https:\/\/evisap.es\/ca\/umbe\/\" \/>\n<meta property=\"og:site_name\" content=\"EVISAP\" \/>\n<meta property=\"article:modified_time\" content=\"2025-07-21T10:54:00+00:00\" \/>\n<meta name=\"twitter:card\" content=\"summary_large_image\" \/>\n<meta name=\"twitter:label1\" content=\"Temps estimat de lectura\" \/>\n\t<meta name=\"twitter:data1\" content=\"4 minuts\" \/>\n<script type=\"application\/ld+json\" class=\"yoast-schema-graph\">{\"@context\":\"https:\/\/schema.org\",\"@graph\":[{\"@type\":\"WebPage\",\"@id\":\"https:\/\/evisap.es\/ca\/umbe\/\",\"url\":\"https:\/\/evisap.es\/ca\/umbe\/\",\"name\":\"U MBE - EVISAP\",\"isPartOf\":{\"@id\":\"https:\/\/evisap.es\/ca\/#website\"},\"datePublished\":\"2025-05-03T06:15:47+00:00\",\"dateModified\":\"2025-07-21T10:54:00+00:00\",\"description\":\"Treballam perqu\u00e8 els resultats dels nostres estudis condueixin al desenvolupament de noves eines amb l'objectiu \u00faltim de contribuir a millorar la salut de la nostra poblaci\u00f3.\",\"breadcrumb\":{\"@id\":\"https:\/\/evisap.es\/ca\/umbe\/#breadcrumb\"},\"inLanguage\":\"ca\",\"potentialAction\":[{\"@type\":\"ReadAction\",\"target\":[\"https:\/\/evisap.es\/ca\/umbe\/\"]}]},{\"@type\":\"BreadcrumbList\",\"@id\":\"https:\/\/evisap.es\/ca\/umbe\/#breadcrumb\",\"itemListElement\":[{\"@type\":\"ListItem\",\"position\":1,\"name\":\"Portada\",\"item\":\"https:\/\/evisap.es\/ca\/\"},{\"@type\":\"ListItem\",\"position\":2,\"name\":\"U MBE\"}]},{\"@type\":\"WebSite\",\"@id\":\"https:\/\/evisap.es\/ca\/#website\",\"url\":\"https:\/\/evisap.es\/ca\/\",\"name\":\"EVISAP\",\"description\":\"EVISAP\",\"potentialAction\":[{\"@type\":\"SearchAction\",\"target\":{\"@type\":\"EntryPoint\",\"urlTemplate\":\"https:\/\/evisap.es\/ca\/?s={search_term_string}\"},\"query-input\":\"required name=search_term_string\"}],\"inLanguage\":\"ca\"}]}<\/script>\n<!-- \/ Yoast SEO plugin. -->","yoast_head_json":{"title":"U MBE - EVISAP","description":"Treballam perqu\u00e8 els resultats dels nostres estudis condueixin al desenvolupament de noves eines amb l'objectiu \u00faltim de contribuir a millorar la salut de la nostra poblaci\u00f3.","robots":{"index":"index","follow":"follow","max-snippet":"max-snippet:-1","max-image-preview":"max-image-preview:large","max-video-preview":"max-video-preview:-1"},"canonical":"https:\/\/evisap.es\/ca\/umbe\/","og_locale":"ca_ES","og_type":"article","og_title":"U MBE - EVISAP","og_description":"Treballam perqu\u00e8 els resultats dels nostres estudis condueixin al desenvolupament de noves eines amb l'objectiu \u00faltim de contribuir a millorar la salut de la nostra poblaci\u00f3.","og_url":"https:\/\/evisap.es\/ca\/umbe\/","og_site_name":"EVISAP","article_modified_time":"2025-07-21T10:54:00+00:00","twitter_card":"summary_large_image","twitter_misc":{"Temps estimat de lectura":"4 minuts"},"schema":{"@context":"https:\/\/schema.org","@graph":[{"@type":"WebPage","@id":"https:\/\/evisap.es\/ca\/umbe\/","url":"https:\/\/evisap.es\/ca\/umbe\/","name":"U MBE - EVISAP","isPartOf":{"@id":"https:\/\/evisap.es\/ca\/#website"},"datePublished":"2025-05-03T06:15:47+00:00","dateModified":"2025-07-21T10:54:00+00:00","description":"Treballam perqu\u00e8 els resultats dels nostres estudis condueixin al desenvolupament de noves eines amb l'objectiu \u00faltim de contribuir a millorar la salut de la nostra poblaci\u00f3.","breadcrumb":{"@id":"https:\/\/evisap.es\/ca\/umbe\/#breadcrumb"},"inLanguage":"ca","potentialAction":[{"@type":"ReadAction","target":["https:\/\/evisap.es\/ca\/umbe\/"]}]},{"@type":"BreadcrumbList","@id":"https:\/\/evisap.es\/ca\/umbe\/#breadcrumb","itemListElement":[{"@type":"ListItem","position":1,"name":"Portada","item":"https:\/\/evisap.es\/ca\/"},{"@type":"ListItem","position":2,"name":"U MBE"}]},{"@type":"WebSite","@id":"https:\/\/evisap.es\/ca\/#website","url":"https:\/\/evisap.es\/ca\/","name":"EVISAP","description":"EVISAP","potentialAction":[{"@type":"SearchAction","target":{"@type":"EntryPoint","urlTemplate":"https:\/\/evisap.es\/ca\/?s={search_term_string}"},"query-input":"required name=search_term_string"}],"inLanguage":"ca"}]}},"_links":{"self":[{"href":"https:\/\/evisap.es\/ca\/wp-json\/wp\/v2\/pages\/104277","targetHints":{"allow":["GET"]}}],"collection":[{"href":"https:\/\/evisap.es\/ca\/wp-json\/wp\/v2\/pages"}],"about":[{"href":"https:\/\/evisap.es\/ca\/wp-json\/wp\/v2\/types\/page"}],"author":[{"embeddable":true,"href":"https:\/\/evisap.es\/ca\/wp-json\/wp\/v2\/users\/3"}],"replies":[{"embeddable":true,"href":"https:\/\/evisap.es\/ca\/wp-json\/wp\/v2\/comments?post=104277"}],"version-history":[{"count":2,"href":"https:\/\/evisap.es\/ca\/wp-json\/wp\/v2\/pages\/104277\/revisions"}],"predecessor-version":[{"id":104282,"href":"https:\/\/evisap.es\/ca\/wp-json\/wp\/v2\/pages\/104277\/revisions\/104282"}],"wp:attachment":[{"href":"https:\/\/evisap.es\/ca\/wp-json\/wp\/v2\/media?parent=104277"}],"curies":[{"name":"wp","href":"https:\/\/api.w.org\/{rel}","templated":true}]}}