{"id":104268,"date":"2025-05-03T06:14:54","date_gmt":"2025-05-03T06:14:54","guid":{"rendered":"https:\/\/evisap.es\/medicina-basada-en-levidencia-general\/"},"modified":"2025-07-21T10:53:18","modified_gmt":"2025-07-21T10:53:18","slug":"mbe","status":"publish","type":"page","link":"https:\/\/evisap.es\/ca\/mbe\/","title":{"rendered":"Medicina Basada en l\u2019Evid\u00e8ncia (general)"},"content":{"rendered":"<p>[vc_row row_height_percent=&#8221;0&#8243; override_padding=&#8221;yes&#8221; h_padding=&#8221;2&#8243; top_padding=&#8221;4&#8243; bottom_padding=&#8221;3&#8243; overlay_alpha=&#8221;50&#8243; gutter_size=&#8221;3&#8243; column_width_percent=&#8221;100&#8243; shift_y=&#8221;0&#8243; z_index=&#8221;0&#8243; uncode_shortcode_id=&#8221;744494&#8243; row_name=&#8221;compromiso&#8221;][vc_column column_width_percent=&#8221;100&#8243; gutter_size=&#8221;3&#8243; overlay_alpha=&#8221;50&#8243; shift_x=&#8221;0&#8243; shift_y=&#8221;0&#8243; shift_y_down=&#8221;0&#8243; z_index=&#8221;0&#8243; medium_width=&#8221;0&#8243; mobile_width=&#8221;0&#8243; sticky=&#8221;yes&#8221; width=&#8221;1\/1&#8243; uncode_shortcode_id=&#8221;420656&#8243; el_class=&#8221;customTab&#8221;][vc_custom_heading text_size=&#8221;h3&#8243; text_weight=&#8221;300&#8243; text_height=&#8221;fontheight-357766&#8243; sub_reduced=&#8221;yes&#8221; uncode_shortcode_id=&#8221;108840&#8243;]Comprom\u00eds amb la Medicina Basada en l\u2019Evid\u00e8ncia a les Balears[\/vc_custom_heading][vc_separator sep_color=&#8221;color-uydo&#8221;][vc_row_inner limit_content=&#8221;&#8221;][vc_column_inner width=&#8221;1\/3&#8243;][vc_gallery el_id=&#8221;gallery-199668&#8243; medias=&#8221;102723,102722&#8243; gutter_size=&#8221;3&#8243; screen_lg=&#8221;1000&#8243; screen_md=&#8221;600&#8243; screen_sm=&#8221;480&#8243; single_overlay_opacity=&#8221;50&#8243; single_padding=&#8221;2&#8243; uncode_shortcode_id=&#8221;656749&#8243;][\/vc_column_inner][vc_column_inner width=&#8221;2\/3&#8243;][vc_column_text uncode_shortcode_id=&#8221;823305&#8243;]<\/p>\n<p class=\"\" data-start=\"134\" data-end=\"639\">La medicina basada en l\u2019evid\u00e8ncia (MBE) \u00e9s un enfocament fonamental per millorar la qualitat de l\u2019atenci\u00f3 sanit\u00e0ria i orientar la presa de decisions cl\u00edniques, organitzatives i de pol\u00edtiques de salut. A les Illes Balears, aquest comprom\u00eds es reflecteix en el treball conjunt de dues iniciatives complement\u00e0ries: la Unitat de Medicina Basada en l\u2019Evid\u00e8ncia (EBM-U) de l\u2019Institut d\u2019Investigaci\u00f3 Sanit\u00e0ria Illes Balears (IdISBa) i el Grup Cochrane Illes Balears, instituci\u00f3 afiliada a Cochrane Iberoam\u00e8rica.<\/p>\n<p class=\"\" data-start=\"641\" data-end=\"1117\">Ambdues entitats comparteixen l\u2019objectiu de generar, sintetitzar i difondre evid\u00e8ncia cient\u00edfica rigorosa per donar suport als professionals de la salut, als responsables de les pol\u00edtiques sanit\u00e0ries i a la ciutadania en general. Mentre que l\u2019EBM-U se centra en la recerca aplicada i el suport metodol\u00f2gic en revisions sistem\u00e0tiques, el Grup Cochrane Illes Balears actua com a pont entre la producci\u00f3 d\u2019evid\u00e8ncia de gran qualitat i la seva implementaci\u00f3 efectiva en l\u2019entorn cl\u00ednic i social.<\/p>\n<p class=\"\" data-start=\"1119\" data-end=\"1345\">Aquest espai recull la tasca, els objectius i les activitats de totes dues iniciatives, destacant-ne les sinergies i l\u2019impacte conjunt en el refor\u00e7 d\u2019una atenci\u00f3 sanit\u00e0ria informada i basada en el millor coneixement disponible.<\/p>\n<p>[\/vc_column_text][\/vc_column_inner][\/vc_row_inner][\/vc_column][\/vc_row][vc_row row_height_percent=&#8221;0&#8243; override_padding=&#8221;yes&#8221; h_padding=&#8221;2&#8243; top_padding=&#8221;2&#8243; bottom_padding=&#8221;3&#8243; overlay_alpha=&#8221;50&#8243; gutter_size=&#8221;3&#8243; column_width_percent=&#8221;100&#8243; shift_y=&#8221;0&#8243; z_index=&#8221;0&#8243; uncode_shortcode_id=&#8221;527533&#8243; row_name=&#8221;ebmu&#8221;][vc_column column_width_percent=&#8221;100&#8243; gutter_size=&#8221;3&#8243; overlay_alpha=&#8221;50&#8243; shift_x=&#8221;0&#8243; shift_y=&#8221;0&#8243; shift_y_down=&#8221;0&#8243; z_index=&#8221;0&#8243; medium_width=&#8221;0&#8243; mobile_width=&#8221;0&#8243; sticky=&#8221;yes&#8221; width=&#8221;1\/1&#8243; uncode_shortcode_id=&#8221;420656&#8243; el_class=&#8221;customTab&#8221;][vc_custom_heading text_size=&#8221;h3&#8243; text_weight=&#8221;300&#8243; text_height=&#8221;fontheight-357766&#8243; sub_reduced=&#8221;yes&#8221; uncode_shortcode_id=&#8221;820141&#8243;]Unitat de Medicina Basada en l\u2019Evid\u00e8ncia (EBM-U) de l\u2019IdISBa[\/vc_custom_heading][vc_separator sep_color=&#8221;color-uydo&#8221;][vc_row_inner limit_content=&#8221;&#8221;][vc_column_inner width=&#8221;1\/3&#8243;][vc_single_image media=&#8221;103983&#8243; media_width_percent=&#8221;100&#8243; uncode_shortcode_id=&#8221;364560&#8243; media_link=&#8221;url:https%3A%2F%2Fevisap.es%2Fumbe%2F|title:Unidad%20de%20Medicina%20Basada%20en%20la%20Evidencia&#8221;][\/vc_column_inner][vc_column_inner width=&#8221;2\/3&#8243;][vc_column_text uncode_shortcode_id=&#8221;116355&#8243;]<\/p>\n<p class=\"\" data-start=\"1692\" data-end=\"2148\">La Unitat de Medicina Basada en l\u2019Evid\u00e8ncia de l\u2019IdISBa neix amb la vocaci\u00f3 de donar suport a la presa de decisions sanit\u00e0ries a trav\u00e9s de la s\u00edntesi rigorosa de la millor evid\u00e8ncia cient\u00edfica disponible. Amb m\u00e9s de 15 anys de traject\u00f2ria, s\u2019ha consolidat com un referent en l\u2019\u00e0mbit nacional i internacional, col\u00b7laborant amb organitzacions com l\u2019Organitzaci\u00f3 Mundial de la Salut, la Comissi\u00f3 Europea o l\u2019Acad\u00e8mia Europea d\u2019Alergia i Immunologia Cl\u00ednica.<\/p>\n<p class=\"\" data-start=\"2150\" data-end=\"2668\">Des de la seva creaci\u00f3, la unitat ha ofert suport metodol\u00f2gic a nombrosos projectes de recerca, guies cl\u00edniques i avaluacions d\u2019intervencions sanit\u00e0ries. La seva activitat principal gira al voltant de l\u2019elaboraci\u00f3 de revisions sistem\u00e0tiques, el disseny d\u2019estrat\u00e8gies de cerca bibliogr\u00e0fica avan\u00e7ades, i la s\u00edntesi quantitativa i qualitativa de resultats. A m\u00e9s, la unitat aplica l\u2019enfocament GRADE per avaluar la qualitat de l\u2019evid\u00e8ncia i formular recomanacions cl\u00edniques i de pol\u00edtica sanit\u00e0ria fonamentades.<\/p>\n<p class=\"\" data-start=\"2670\" data-end=\"2883\">Formada per un equip multidisciplinari d\u2019investigadors, revisors sistem\u00e0tics i personal t\u00e8cnic, la unitat combina rigor metodol\u00f2gic amb una orientaci\u00f3 clara cap a l\u2019impacte real en la pr\u00e0ctica sanit\u00e0ria.<\/p>\n<p data-start=\"2670\" data-end=\"2883\"><a href=\"https:\/\/evisap.es\/ca\/umbe\/\"><strong>Fes clic aqu\u00ed per con\u00e8ixer m\u00e9s sobre la Unitat de Medicina Basada en l\u2019Evid\u00e8ncia<\/strong><\/a><\/p>\n<p>[\/vc_column_text][\/vc_column_inner][\/vc_row_inner][\/vc_column][\/vc_row][vc_row row_height_percent=&#8221;0&#8243; override_padding=&#8221;yes&#8221; h_padding=&#8221;2&#8243; top_padding=&#8221;2&#8243; bottom_padding=&#8221;3&#8243; overlay_alpha=&#8221;50&#8243; gutter_size=&#8221;3&#8243; column_width_percent=&#8221;100&#8243; shift_y=&#8221;0&#8243; z_index=&#8221;0&#8243; uncode_shortcode_id=&#8221;207731&#8243; row_name=&#8221;cochraneib&#8221;][vc_column column_width_percent=&#8221;100&#8243; gutter_size=&#8221;3&#8243; overlay_alpha=&#8221;50&#8243; shift_x=&#8221;0&#8243; shift_y=&#8221;0&#8243; shift_y_down=&#8221;0&#8243; z_index=&#8221;0&#8243; medium_width=&#8221;0&#8243; mobile_width=&#8221;0&#8243; sticky=&#8221;yes&#8221; width=&#8221;1\/1&#8243; uncode_shortcode_id=&#8221;420656&#8243; el_class=&#8221;customTab&#8221;][vc_custom_heading text_size=&#8221;h3&#8243; text_weight=&#8221;300&#8243; text_height=&#8221;fontheight-357766&#8243; sub_reduced=&#8221;yes&#8221; uncode_shortcode_id=&#8221;147306&#8243;]Grup Cochrane Illes Balears[\/vc_custom_heading][vc_separator sep_color=&#8221;color-uydo&#8221;][vc_row_inner limit_content=&#8221;&#8221;][vc_column_inner width=&#8221;1\/3&#8243;][vc_single_image media=&#8221;103925&#8243; media_width_percent=&#8221;100&#8243; uncode_shortcode_id=&#8221;177925&#8243; media_link=&#8221;url:https%3A%2F%2Fevisap.es%2Fcochraneib%2F|title:Cochrane%20Islas%20Baleares&#8221;][\/vc_column_inner][vc_column_inner width=&#8221;2\/3&#8243;][vc_column_text uncode_shortcode_id=&#8221;644172&#8243;]<\/p>\n<p class=\"\" data-start=\"2931\" data-end=\"3365\">El Grup Cochrane Illes Balears va ser reconegut oficialment el 2024 com a instituci\u00f3 afiliada a Cochrane Iberoam\u00e8rica, marcant un abans i un despr\u00e9s en el comprom\u00eds regional amb la producci\u00f3 i l\u2019\u00fas d\u2019evid\u00e8ncia cient\u00edfica de gran qualitat. Impulsat per l\u2019IdISBa, aquest grup t\u00e9 com a missi\u00f3 acostar el coneixement generat per la Col\u00b7laboraci\u00f3 Cochrane als professionals sanitaris, als responsables pol\u00edtics i a la ciutadania de les Illes Balears.<\/p>\n<p class=\"\" data-start=\"3367\" data-end=\"3835\">Entre les seves l\u00ednies de treball hi ha la promoci\u00f3 de l\u2019acc\u00e9s lliure i en llengua local a les revisions Cochrane, la formaci\u00f3 cont\u00ednua en avaluaci\u00f3 cr\u00edtica i metodologia de revisions sistem\u00e0tiques, i la col\u00b7laboraci\u00f3 amb institucions acad\u00e8miques i sanit\u00e0ries per fomentar pr\u00e0ctiques cl\u00edniques m\u00e9s segures i efectives. Tamb\u00e9 ofereix suport metodol\u00f2gic a projectes de recerca locals, enfortint aix\u00ed la capacitat investigadora del sistema de salut de les illes.<\/p>\n<p class=\"\" data-start=\"3837\" data-end=\"4023\">El grup actua com un node local de la xarxa internacional de Cochrane, facilitant el di\u00e0leg entre la producci\u00f3 global d\u2019evid\u00e8ncia i la seva aplicaci\u00f3 contextualitzada en l\u2019\u00e0mbit balear.<\/p>\n<p data-start=\"3837\" data-end=\"4023\"><strong><a href=\"https:\/\/evisap.es\/ca\/cochraneib\/\">Fes clic aqu\u00ed per con\u00e8ixer m\u00e9s sobre el Grup Cochrane Illes Balears<\/a><\/strong><\/p>\n<p>[\/vc_column_text][\/vc_column_inner][\/vc_row_inner][\/vc_column][\/vc_row][vc_row][vc_column width=&#8221;1\/2&#8243;][vc_empty_space empty_h=&#8221;2&#8243;][vc_column_text uncode_shortcode_id=&#8221;186768&#8243;]Imatges dissenyades per Freepik (www.freepik.com)[\/vc_column_text][\/vc_column][vc_column width=&#8221;1\/2&#8243;][\/vc_column][\/vc_row]<\/p>\n","protected":false},"excerpt":{"rendered":"<p>[vc_row row_height_percent=&#8221;0&#8243; override_padding=&#8221;yes&#8221; h_padding=&#8221;2&#8243; top_padding=&#8221;4&#8243; bottom_padding=&#8221;3&#8243; overlay_alpha=&#8221;50&#8243; gutter_size=&#8221;3&#8243; column_width_percent=&#8221;100&#8243; shift_y=&#8221;0&#8243; z_index=&#8221;0&#8243; uncode_shortcode_id=&#8221;744494&#8243; row_name=&#8221;compromiso&#8221;][vc_column column_width_percent=&#8221;100&#8243; gutter_size=&#8221;3&#8243; overlay_alpha=&#8221;50&#8243; shift_x=&#8221;0&#8243; shift_y=&#8221;0&#8243; shift_y_down=&#8221;0&#8243; z_index=&#8221;0&#8243; [&hellip;]<\/p>\n","protected":false},"author":3,"featured_media":0,"parent":0,"menu_order":0,"comment_status":"closed","ping_status":"closed","template":"","meta":{"footnotes":""},"class_list":["post-104268","page","type-page","status-publish","hentry"],"yoast_head":"<!-- This site is optimized with the Yoast SEO plugin v21.0 - https:\/\/yoast.com\/wordpress\/plugins\/seo\/ -->\n<title>Medicina Basada en l\u2019Evid\u00e8ncia (general) - EVISAP<\/title>\n<meta name=\"description\" content=\"Treballam perqu\u00e8 els resultats dels nostres estudis condueixin al desenvolupament de noves eines amb l&#039;objectiu \u00faltim de contribuir a millorar la salut de la nostra poblaci\u00f3.\" \/>\n<meta name=\"robots\" content=\"index, follow, max-snippet:-1, max-image-preview:large, max-video-preview:-1\" \/>\n<link rel=\"canonical\" href=\"https:\/\/evisap.es\/ca\/mbe\/\" \/>\n<meta property=\"og:locale\" content=\"ca_ES\" \/>\n<meta property=\"og:type\" content=\"article\" \/>\n<meta property=\"og:title\" content=\"Medicina Basada en l\u2019Evid\u00e8ncia (general) - EVISAP\" \/>\n<meta property=\"og:description\" content=\"Treballam perqu\u00e8 els resultats dels nostres estudis condueixin al desenvolupament de noves eines amb l&#039;objectiu \u00faltim de contribuir a millorar la salut de la nostra poblaci\u00f3.\" \/>\n<meta property=\"og:url\" content=\"https:\/\/evisap.es\/ca\/mbe\/\" \/>\n<meta property=\"og:site_name\" content=\"EVISAP\" \/>\n<meta property=\"article:modified_time\" content=\"2025-07-21T10:53:18+00:00\" \/>\n<meta name=\"twitter:card\" content=\"summary_large_image\" \/>\n<meta name=\"twitter:label1\" content=\"Temps estimat de lectura\" \/>\n\t<meta name=\"twitter:data1\" content=\"4 minuts\" \/>\n<script type=\"application\/ld+json\" class=\"yoast-schema-graph\">{\"@context\":\"https:\/\/schema.org\",\"@graph\":[{\"@type\":\"WebPage\",\"@id\":\"https:\/\/evisap.es\/ca\/mbe\/\",\"url\":\"https:\/\/evisap.es\/ca\/mbe\/\",\"name\":\"Medicina Basada en l\u2019Evid\u00e8ncia (general) - EVISAP\",\"isPartOf\":{\"@id\":\"https:\/\/evisap.es\/ca\/#website\"},\"datePublished\":\"2025-05-03T06:14:54+00:00\",\"dateModified\":\"2025-07-21T10:53:18+00:00\",\"description\":\"Treballam perqu\u00e8 els resultats dels nostres estudis condueixin al desenvolupament de noves eines amb l'objectiu \u00faltim de contribuir a millorar la salut de la nostra poblaci\u00f3.\",\"breadcrumb\":{\"@id\":\"https:\/\/evisap.es\/ca\/mbe\/#breadcrumb\"},\"inLanguage\":\"ca\",\"potentialAction\":[{\"@type\":\"ReadAction\",\"target\":[\"https:\/\/evisap.es\/ca\/mbe\/\"]}]},{\"@type\":\"BreadcrumbList\",\"@id\":\"https:\/\/evisap.es\/ca\/mbe\/#breadcrumb\",\"itemListElement\":[{\"@type\":\"ListItem\",\"position\":1,\"name\":\"Portada\",\"item\":\"https:\/\/evisap.es\/ca\/\"},{\"@type\":\"ListItem\",\"position\":2,\"name\":\"Medicina Basada en l\u2019Evid\u00e8ncia (general)\"}]},{\"@type\":\"WebSite\",\"@id\":\"https:\/\/evisap.es\/ca\/#website\",\"url\":\"https:\/\/evisap.es\/ca\/\",\"name\":\"EVISAP\",\"description\":\"EVISAP\",\"potentialAction\":[{\"@type\":\"SearchAction\",\"target\":{\"@type\":\"EntryPoint\",\"urlTemplate\":\"https:\/\/evisap.es\/ca\/?s={search_term_string}\"},\"query-input\":\"required name=search_term_string\"}],\"inLanguage\":\"ca\"}]}<\/script>\n<!-- \/ Yoast SEO plugin. -->","yoast_head_json":{"title":"Medicina Basada en l\u2019Evid\u00e8ncia (general) - EVISAP","description":"Treballam perqu\u00e8 els resultats dels nostres estudis condueixin al desenvolupament de noves eines amb l'objectiu \u00faltim de contribuir a millorar la salut de la nostra poblaci\u00f3.","robots":{"index":"index","follow":"follow","max-snippet":"max-snippet:-1","max-image-preview":"max-image-preview:large","max-video-preview":"max-video-preview:-1"},"canonical":"https:\/\/evisap.es\/ca\/mbe\/","og_locale":"ca_ES","og_type":"article","og_title":"Medicina Basada en l\u2019Evid\u00e8ncia (general) - EVISAP","og_description":"Treballam perqu\u00e8 els resultats dels nostres estudis condueixin al desenvolupament de noves eines amb l'objectiu \u00faltim de contribuir a millorar la salut de la nostra poblaci\u00f3.","og_url":"https:\/\/evisap.es\/ca\/mbe\/","og_site_name":"EVISAP","article_modified_time":"2025-07-21T10:53:18+00:00","twitter_card":"summary_large_image","twitter_misc":{"Temps estimat de lectura":"4 minuts"},"schema":{"@context":"https:\/\/schema.org","@graph":[{"@type":"WebPage","@id":"https:\/\/evisap.es\/ca\/mbe\/","url":"https:\/\/evisap.es\/ca\/mbe\/","name":"Medicina Basada en l\u2019Evid\u00e8ncia (general) - EVISAP","isPartOf":{"@id":"https:\/\/evisap.es\/ca\/#website"},"datePublished":"2025-05-03T06:14:54+00:00","dateModified":"2025-07-21T10:53:18+00:00","description":"Treballam perqu\u00e8 els resultats dels nostres estudis condueixin al desenvolupament de noves eines amb l'objectiu \u00faltim de contribuir a millorar la salut de la nostra poblaci\u00f3.","breadcrumb":{"@id":"https:\/\/evisap.es\/ca\/mbe\/#breadcrumb"},"inLanguage":"ca","potentialAction":[{"@type":"ReadAction","target":["https:\/\/evisap.es\/ca\/mbe\/"]}]},{"@type":"BreadcrumbList","@id":"https:\/\/evisap.es\/ca\/mbe\/#breadcrumb","itemListElement":[{"@type":"ListItem","position":1,"name":"Portada","item":"https:\/\/evisap.es\/ca\/"},{"@type":"ListItem","position":2,"name":"Medicina Basada en l\u2019Evid\u00e8ncia (general)"}]},{"@type":"WebSite","@id":"https:\/\/evisap.es\/ca\/#website","url":"https:\/\/evisap.es\/ca\/","name":"EVISAP","description":"EVISAP","potentialAction":[{"@type":"SearchAction","target":{"@type":"EntryPoint","urlTemplate":"https:\/\/evisap.es\/ca\/?s={search_term_string}"},"query-input":"required name=search_term_string"}],"inLanguage":"ca"}]}},"_links":{"self":[{"href":"https:\/\/evisap.es\/ca\/wp-json\/wp\/v2\/pages\/104268","targetHints":{"allow":["GET"]}}],"collection":[{"href":"https:\/\/evisap.es\/ca\/wp-json\/wp\/v2\/pages"}],"about":[{"href":"https:\/\/evisap.es\/ca\/wp-json\/wp\/v2\/types\/page"}],"author":[{"embeddable":true,"href":"https:\/\/evisap.es\/ca\/wp-json\/wp\/v2\/users\/3"}],"replies":[{"embeddable":true,"href":"https:\/\/evisap.es\/ca\/wp-json\/wp\/v2\/comments?post=104268"}],"version-history":[{"count":15,"href":"https:\/\/evisap.es\/ca\/wp-json\/wp\/v2\/pages\/104268\/revisions"}],"predecessor-version":[{"id":104499,"href":"https:\/\/evisap.es\/ca\/wp-json\/wp\/v2\/pages\/104268\/revisions\/104499"}],"wp:attachment":[{"href":"https:\/\/evisap.es\/ca\/wp-json\/wp\/v2\/media?parent=104268"}],"curies":[{"name":"wp","href":"https:\/\/api.w.org\/{rel}","templated":true}]}}