{"id":103284,"date":"2021-07-07T12:53:03","date_gmt":"2021-07-07T12:53:03","guid":{"rendered":"https:\/\/evisap.es\/politica-de-privacitat\/"},"modified":"2025-05-02T17:08:13","modified_gmt":"2025-05-02T17:08:13","slug":"politica-de-privacitat","status":"publish","type":"page","link":"https:\/\/evisap.es\/ca\/politica-de-privacitat\/","title":{"rendered":"Pol\u00edtica de privacitat"},"content":{"rendered":"<p>[vc_row][vc_column][vc_column_text uncode_shortcode_id=&#8221;313100&#8243;]FUNDACI\u00d3 INSTITUT D&#8217;INVESTIGACI\u00d3 SANIT\u00c0RIA ILLES BALEARS (d&#8217;ara endavant IDISBA), es reserva el dret de modificar o adaptar aquesta Pol\u00edtica de Privacitat en qualsevol moment. Per tant, li recomanem que la revisi cada cop que accedeixi a la P\u00e0gina Web. En el sup\u00f2sit que l&#8217;usuari s&#8217;hagi registrat a la p\u00e0gina web i accedeixi al seu compte o perfil, en accedir-hi, se l&#8217;informar\u00e0 en el cas que hi hagi hagut modificacions substancials en relaci\u00f3 amb el tractament de les seves dades personals.<\/p>\n<p><strong> \u00bfQui \u00e9s el responsable del tractament de les teves dades?<\/strong><br \/>\nLes dades que es recullin o ens facilitis volunt\u00e0riament mitjan\u00e7ant la P\u00e0gina Web, ja sigui per la navegaci\u00f3 a la mateixa, aix\u00ed com tots aquells que ens puguis facilitar als formularis de contacte, via correu electr\u00f2nic o per tel\u00e8fon, seran recollides i tractades pel Responsable del Fitxer, els quals dades s&#8217;indiquen a continuaci\u00f3:<\/p>\n<p>Fundaci\u00f3 Institut d&#8217;Investigaci\u00f3 Sanit\u00e0ria Illes Balears (IdISBa). CIF: G-57326324<br \/>\nDomicili: Crta. Valldemossa, 79 (Hospital Universitari Son Espases), Edifici S, 1\u00aa planta. 07010 Palma de Mallorca<br \/>\nTel\u00e8fon: 871 20 52 34<br \/>\nDelegat de Protecci\u00f3 de Dades: idisba.protecciondatos@ssib.es<br \/>\nDades registrals (N\u00fam. Registre \u00danic de Fundacions de les Illes Balears): 100000000220<\/p>\n<p>Si, per qualsevol motiu, vols posar-te en contacte amb nosaltres per qualsevol q\u00fcesti\u00f3 relacionada amb el tractament de les teves dades personals o la teva privacitat (amb el nostre Delegat de Protecci\u00f3 de Dades), pots fer-ho a trav\u00e9s de qualsevol dels mitjans indicats anteriorment.<\/p>\n<p>\u00bfQuines dates recopilam a trav\u00e9s de la p\u00e0gina web?<\/p>\n<p>IDISBA no guarda dades pel simple fet de navegar per la p\u00e0gina web, tanmateix, a la p\u00e0gina web es facilita la utilitat de Google Maps, la qual pot tenir acc\u00e9s a la teva ubicaci\u00f3, en cas que li ho permetis, amb la finalitat de facilitar-te una major especificitat sobre la dist\u00e0ncia i\/o camins cap a les nostres seus. A aquest respecte, ens remetem a la Pol\u00edtica de Privacitat utilitzada per Google Maps, per tal de con\u00e8ixer l&#8217;\u00fas i tractament d&#8217;aquestes dades http:\/\/www.google.com\/intl\/en\/policies\/privacy\/.<\/p>\n<p><strong>Registre de l&#8217;usuari a la p\u00e0gina web<\/strong><br \/>\nLa p\u00e0gina web no guarda dades d&#8217;usuari.<\/p>\n<h4>CONTACTES DE LA WEB O DEL CORREU ELECTR\u00d2NIC<\/h4>\n<p><strong>Quines finalitats tractarem les teves dades personals?<\/strong><\/p>\n<ul>\n<li>Contestar a les teves consultes, sol\u00b7licituds o peticions.<\/li>\n<li>Gestionar el servei sol\u00b7licitat, contestar la teva sol\u00b7licitud o tramitar la teva petici\u00f3.<\/li>\n<li>Informaci\u00f3 per mitjans electr\u00f2nics, que versin sobre la teva sol\u00b7licitud.<\/li>\n<li>Informaci\u00f3 comercial o d&#8217;esdeveniments per mitjans electr\u00f2nics, sempre que existeixi autoritzaci\u00f3 expressa.<\/li>\n<\/ul>\n<p><strong>Quina \u00e9s la legitimaci\u00f3 per al tractament de les teves dades? <\/strong><br \/>\nL&#8217;acceptaci\u00f3 i el consentiment de l&#8217;interessat: En aquells casos on per fer una sol\u00b7licitud sigui necessari omplir un formulari i fer un &#8220;click&#8221; en el bot\u00f3 d&#8217;enviar, la realitzaci\u00f3 d&#8217;aquest implicar\u00e0 necess\u00e0riament que s&#8217;ha estat informat i s&#8217;ha atorgat expressament el consentiment al contingut de la cl\u00e0usula annexada a aquest formulari o acceptaci\u00f3 de la pol\u00edtica de privacitat.<\/p>\n<p>Tots els nostres formularis compten amb una casella de verificaci\u00f3 o checkbox amb la seg\u00fcent f\u00f3rmula, per poder enviar la informaci\u00f3: \u201c\u25a1 He llegit i accept la Pol\u00edtica de privacitat.\u201d<\/p>\n<p><strong>Incloguem dades personals de terceres persones?<\/strong><br \/>\nNo, com a norma general nom\u00e9s tractem les dades que ens faciliten els titulars. Si ens aportes dades de tercers, haur\u00e0s, pr\u00e8viament, d&#8217;informar-los i sol\u00b7licitar el seu consentiment, o en cas contrari, els exempts de qualsevol responsabilitat per l&#8217;incompliment d&#8217;aquest requisit.<\/p>\n<p><strong>\u00bfI dades de menors?<\/strong><br \/>\nNo tractem dades de menors de 14 anys, per tant, t&#8217;instem a que t&#8217;abstenguis de facilitar-les si no tens aquesta edat.<\/p>\n<p><strong>Farem comunicacions per mitjans electr\u00f2nics?<\/strong><br \/>\nNom\u00e9s es realitzaran per gestionar la teva sol\u00b7licitud, si \u00e9s un dels mitjans de contacte que ens has facilitat. Si realitzem comunicacions comercials, aquestes hauran estat pr\u00e8viament i expressament autoritzades per tu.<\/p>\n<p><strong>Quines mesures de seguretat apliquem?<\/strong><br \/>\nPots estar tranquil: Hem adoptat un nivell \u00f2ptim de protecci\u00f3 de les dades personals que gestionem, i hem instal\u00b7lat tots els mitjans i mesures t\u00e8cniques a la nostra disposici\u00f3, segons l&#8217;estat de la tecnologia, per evitar la p\u00e8rdua, mal \u00fas, alteraci\u00f3, acc\u00e9s no autoritzat i robatori de les dades personals.<\/p>\n<p><strong>En quina mesura es automatitzar\u00e0 la presa de decisions? <\/strong><br \/>\nIDISBA no utilitza processos de presa de decisions totalment automatitzats per establir, desenvolupar o finalitzar una relaci\u00f3 contractual amb l&#8217;usuari. En cas que utilitzem aquests processos en un cas particular, t&#8217;informarem i et comunicarem els teus drets respecte a aix\u00f2 si aix\u00ed ho prescriu la llei.<\/p>\n<p><strong>Tindr\u00e0 lloc l&#8217;elaboraci\u00f3 de perfils?<\/strong><br \/>\nAmb l&#8217;objectiu d&#8217;oferir-te productes i\/o serveis d&#8217;acord amb els teus interessos i millorar la teva experi\u00e8ncia d&#8217;usuari, podrem elaborar un &#8220;perfil comercial&#8221; en funci\u00f3 de la informaci\u00f3 facilitada. No obstant aix\u00f2, no es prendran decisions automatitzades en base a aquest perfil.<\/p>\n<p><strong>\u00bfA quins destinataris es comunicaran les teves dades?<\/strong><br \/>\nA les entitats participants i necess\u00e0ries per aconseguir les finalitats d&#8217;IDISBA. Les teves dades no es cediran a altres entitats, excepte per obligaci\u00f3 legal. Concretament, es comunicaran a l&#8217;Ag\u00e8ncia Estatal de l&#8217;Administraci\u00f3 Tribut\u00e0ria i a bancs i entitats financeres per al cobrament del servei prestat o producte adquirit, aix\u00ed com als encarregats del tractament necessaris per a l&#8217;execuci\u00f3 de l&#8217;acord. En el sup\u00f2sit que ens hagis donat el teu consentiment per al tractament del teu nom i imatges i altres informacions relacionades amb l&#8217;activitat d&#8217;IDISBA, es divulgaren a les diferents xarxes socials i p\u00e0gina web d&#8217;IDISBA.<\/p>\n<p><strong>Transfer\u00e8ncies internacionals.<\/strong><br \/>\nEn cas que sigui necess\u00e0ria la realitzaci\u00f3 de transfer\u00e8ncies internacionals de dades per part d&#8217;IDISBA, s&#8217;assegurar\u00e0 que aquestes transfer\u00e8ncies s\u00f3n possibles d&#8217;acord amb el Reglament General de Protecci\u00f3 de Dades o qualsevol altre requisit establert per la normativa aplicable. A aquests efectes, la companyia adoptar\u00e0 els acords necessaris per garantir un nivell de protecci\u00f3 de dades equivalent al previst a la normativa europea. En cas de treballar en un sistema de carpetes compartides en aplicacions tipus Dropbox, Google Drive, Microsoft OneDrive, Amazon, Apple, HubSpot, etc., es realitzar\u00e0 una transfer\u00e8ncia internacional als Estats Units sota l&#8217;habilitaci\u00f3 de l&#8217;article 49.c) del Reglament General de Protecci\u00f3 de Dades o qualsevol altre mecanisme que garanteixi un nivell de protecci\u00f3 de dades equivalent al previst a la normativa europea.<\/p>\n<p><strong>Quins drets tens?<\/strong><\/p>\n<ul>\n<li>A saber si estem tractant les teves dades o no.<\/li>\n<li>A accedir a les teves dades personals.<\/li>\n<li>A sol\u00b7licitar la rectificaci\u00f3 de les teves dades si s\u00f3n inexactes.<\/li>\n<li>A sol\u00b7licitar la supressi\u00f3 de les teves dades si ja no s\u00f3n necess\u00e0ries per als fins per als quals van ser recollides o si ens retires el consentiment atorgat.<\/li>\n<li>A sol\u00b7licitar la limitaci\u00f3 del tractament de les teves dades, en alguns sup\u00f2sits, en qu\u00e8 nom\u00e9s les conservarem d\u2019acord amb la normativa vigent.<\/li>\n<li>A portar les teves dades, que t&#8217;han de ser facilitades en un format estructurat, d&#8217;\u00fas com\u00fa o de lectura mec\u00e0nica. Si ho prefereixes, te les podem enviar al nou responsable que ens designis. Nom\u00e9s \u00e9s v\u00e0lid en determinats sup\u00f2sits.<\/li>\n<li>A presentar una reclamaci\u00f3 davant l&#8217;Ag\u00e8ncia Espanyola de Protecci\u00f3 de Dades, si creus que no t&#8217;hem at\u00e8s correctament.<\/li>\n<li>A revocar el consentiment per a qualsevol tractament per al qual hagis donat el teu consentiment, en qualsevol moment.<\/li>\n<\/ul>\n<p>Si modifiques alguna dada, t&#8217;agra\u00efm que ens ho comuniquis per mantenir-les actualitzades.<\/p>\n<p><strong>Vols un formulari per a l&#8217;exercici de Drets? <\/strong><br \/>\nTenim formularis per a l&#8217;exercici dels teus drets, demana&#8217;ns-els per email o si ho prefereixes, pots usar els elaborats per l&#8217;Ag\u00e8ncia Espanyola de Protecci\u00f3 de Dades o tercers. Aquests formularis han d&#8217;anar signats electr\u00f2nicament o ser acompanyats de fotoc\u00f2pia del DNI. Si et representa alg\u00fa, has d&#8217;adjuntar-nos c\u00f2pia del seu DNI, o que el signi amb la seva signatura electr\u00f2nica. Els formularis poden ser presentats presencialment, enviats per carta o per mail en l&#8217;adre\u00e7a del Responsable a l&#8217;inici d&#8217;aquest text. Tens dret a presentar una reclamaci\u00f3 davant l&#8217;Ag\u00e8ncia Espanyola de Protecci\u00f3 de Dades, en el cas que consideris que no s&#8217;ha at\u00e8s convenientment la sol\u00b7licitud dels teus drets. El termini m\u00e0xim per a resoldre per IDISBA, \u00e9s d&#8217;un mes, a comptar des de l&#8217;efectiva recepci\u00f3 de la teva sol\u00b7licitud per part nostra. Tens dret a revocar en qualsevol moment el consentiment per a qualsevol dels tractaments per als quals l&#8217;has atorgat.<\/p>\n<p><strong>Aquesta p\u00e0gina web t\u00e9 cookies?<\/strong><br \/>\nS\u00ed, <a href=\"\/ca\/?page_id=103256\">Comprova el nostre av\u00eds de cookies<\/a>.<\/p>\n<p><strong>Durant quant temps mantindrem les teves dades personals?<\/strong><br \/>\nLes dades personals seran mantingudes mentre continu\u00efs vinculat amb nosaltres. Una vegada et desvinculis, les dades personals tractats en cada finalitat es mantindran durant els terminis legalment previstos, incl\u00f2s el termini en el qual un jutge o tribunal els pugui requerir atenent el termini de prescripci\u00f3 d&#8217;accions judicials. Les dades tractades es mantindran fins que no expirin els terminis legals al\u00b7ludits anteriorment, si hi hagu\u00e9s obligaci\u00f3 legal de manteniment, o de no existir aquest termini legal, fins que l&#8217;interessat sol\u00b7liciti la seva supressi\u00f3 o arrebossat el consentiment atorgat. Mantindrem tota la informaci\u00f3 i comunicacions relatives a la teva compra o a la prestaci\u00f3 del nostre servei, mentre durin les garanties dels productes o serveis, per a atendre possibles reclamacions.[\/vc_column_text][\/vc_column][\/vc_row]<\/p>\n","protected":false},"excerpt":{"rendered":"<p>[vc_row][vc_column][vc_column_text uncode_shortcode_id=&#8221;313100&#8243;]FUNDACI\u00d3 INSTITUT D&#8217;INVESTIGACI\u00d3 SANIT\u00c0RIA ILLES BALEARS (d&#8217;ara endavant IDISBA), es reserva el dret de modificar o adaptar aquesta Pol\u00edtica [&hellip;]<\/p>\n","protected":false},"author":1,"featured_media":0,"parent":0,"menu_order":0,"comment_status":"closed","ping_status":"closed","template":"","meta":{"footnotes":""},"class_list":["post-103284","page","type-page","status-publish","hentry"],"yoast_head":"<!-- This site is optimized with the Yoast SEO plugin v21.0 - https:\/\/yoast.com\/wordpress\/plugins\/seo\/ -->\n<title>Pol\u00edtica de privacitat - EVISAP<\/title>\n<meta name=\"robots\" content=\"index, follow, max-snippet:-1, max-image-preview:large, max-video-preview:-1\" \/>\n<link rel=\"canonical\" href=\"https:\/\/evisap.es\/ca\/politica-de-privacitat\/\" \/>\n<meta property=\"og:locale\" content=\"ca_ES\" \/>\n<meta property=\"og:type\" content=\"article\" \/>\n<meta property=\"og:title\" content=\"Pol\u00edtica de privacitat - EVISAP\" \/>\n<meta property=\"og:description\" content=\"[vc_row][vc_column][vc_column_text uncode_shortcode_id=&#8221;313100&#8243;]FUNDACI\u00d3 INSTITUT D&#8217;INVESTIGACI\u00d3 SANIT\u00c0RIA ILLES BALEARS (d&#8217;ara endavant IDISBA), es reserva el dret de modificar o adaptar aquesta Pol\u00edtica [&hellip;]\" \/>\n<meta property=\"og:url\" content=\"https:\/\/evisap.es\/ca\/politica-de-privacitat\/\" \/>\n<meta property=\"og:site_name\" content=\"EVISAP\" \/>\n<meta property=\"article:modified_time\" content=\"2025-05-02T17:08:13+00:00\" \/>\n<meta name=\"twitter:card\" content=\"summary_large_image\" \/>\n<meta name=\"twitter:label1\" content=\"Temps estimat de lectura\" \/>\n\t<meta name=\"twitter:data1\" content=\"7 minuts\" \/>\n<script type=\"application\/ld+json\" class=\"yoast-schema-graph\">{\"@context\":\"https:\/\/schema.org\",\"@graph\":[{\"@type\":\"WebPage\",\"@id\":\"https:\/\/evisap.es\/ca\/politica-de-privacitat\/\",\"url\":\"https:\/\/evisap.es\/ca\/politica-de-privacitat\/\",\"name\":\"Pol\u00edtica de privacitat - EVISAP\",\"isPartOf\":{\"@id\":\"https:\/\/evisap.es\/ca\/#website\"},\"datePublished\":\"2021-07-07T12:53:03+00:00\",\"dateModified\":\"2025-05-02T17:08:13+00:00\",\"breadcrumb\":{\"@id\":\"https:\/\/evisap.es\/ca\/politica-de-privacitat\/#breadcrumb\"},\"inLanguage\":\"ca\",\"potentialAction\":[{\"@type\":\"ReadAction\",\"target\":[\"https:\/\/evisap.es\/ca\/politica-de-privacitat\/\"]}]},{\"@type\":\"BreadcrumbList\",\"@id\":\"https:\/\/evisap.es\/ca\/politica-de-privacitat\/#breadcrumb\",\"itemListElement\":[{\"@type\":\"ListItem\",\"position\":1,\"name\":\"Portada\",\"item\":\"https:\/\/evisap.es\/ca\/\"},{\"@type\":\"ListItem\",\"position\":2,\"name\":\"Pol\u00edtica de privacitat\"}]},{\"@type\":\"WebSite\",\"@id\":\"https:\/\/evisap.es\/ca\/#website\",\"url\":\"https:\/\/evisap.es\/ca\/\",\"name\":\"EVISAP\",\"description\":\"EVISAP\",\"potentialAction\":[{\"@type\":\"SearchAction\",\"target\":{\"@type\":\"EntryPoint\",\"urlTemplate\":\"https:\/\/evisap.es\/ca\/?s={search_term_string}\"},\"query-input\":\"required name=search_term_string\"}],\"inLanguage\":\"ca\"}]}<\/script>\n<!-- \/ Yoast SEO plugin. -->","yoast_head_json":{"title":"Pol\u00edtica de privacitat - EVISAP","robots":{"index":"index","follow":"follow","max-snippet":"max-snippet:-1","max-image-preview":"max-image-preview:large","max-video-preview":"max-video-preview:-1"},"canonical":"https:\/\/evisap.es\/ca\/politica-de-privacitat\/","og_locale":"ca_ES","og_type":"article","og_title":"Pol\u00edtica de privacitat - EVISAP","og_description":"[vc_row][vc_column][vc_column_text uncode_shortcode_id=&#8221;313100&#8243;]FUNDACI\u00d3 INSTITUT D&#8217;INVESTIGACI\u00d3 SANIT\u00c0RIA ILLES BALEARS (d&#8217;ara endavant IDISBA), es reserva el dret de modificar o adaptar aquesta Pol\u00edtica [&hellip;]","og_url":"https:\/\/evisap.es\/ca\/politica-de-privacitat\/","og_site_name":"EVISAP","article_modified_time":"2025-05-02T17:08:13+00:00","twitter_card":"summary_large_image","twitter_misc":{"Temps estimat de lectura":"7 minuts"},"schema":{"@context":"https:\/\/schema.org","@graph":[{"@type":"WebPage","@id":"https:\/\/evisap.es\/ca\/politica-de-privacitat\/","url":"https:\/\/evisap.es\/ca\/politica-de-privacitat\/","name":"Pol\u00edtica de privacitat - EVISAP","isPartOf":{"@id":"https:\/\/evisap.es\/ca\/#website"},"datePublished":"2021-07-07T12:53:03+00:00","dateModified":"2025-05-02T17:08:13+00:00","breadcrumb":{"@id":"https:\/\/evisap.es\/ca\/politica-de-privacitat\/#breadcrumb"},"inLanguage":"ca","potentialAction":[{"@type":"ReadAction","target":["https:\/\/evisap.es\/ca\/politica-de-privacitat\/"]}]},{"@type":"BreadcrumbList","@id":"https:\/\/evisap.es\/ca\/politica-de-privacitat\/#breadcrumb","itemListElement":[{"@type":"ListItem","position":1,"name":"Portada","item":"https:\/\/evisap.es\/ca\/"},{"@type":"ListItem","position":2,"name":"Pol\u00edtica de privacitat"}]},{"@type":"WebSite","@id":"https:\/\/evisap.es\/ca\/#website","url":"https:\/\/evisap.es\/ca\/","name":"EVISAP","description":"EVISAP","potentialAction":[{"@type":"SearchAction","target":{"@type":"EntryPoint","urlTemplate":"https:\/\/evisap.es\/ca\/?s={search_term_string}"},"query-input":"required name=search_term_string"}],"inLanguage":"ca"}]}},"_links":{"self":[{"href":"https:\/\/evisap.es\/ca\/wp-json\/wp\/v2\/pages\/103284","targetHints":{"allow":["GET"]}}],"collection":[{"href":"https:\/\/evisap.es\/ca\/wp-json\/wp\/v2\/pages"}],"about":[{"href":"https:\/\/evisap.es\/ca\/wp-json\/wp\/v2\/types\/page"}],"author":[{"embeddable":true,"href":"https:\/\/evisap.es\/ca\/wp-json\/wp\/v2\/users\/1"}],"replies":[{"embeddable":true,"href":"https:\/\/evisap.es\/ca\/wp-json\/wp\/v2\/comments?post=103284"}],"version-history":[{"count":1,"href":"https:\/\/evisap.es\/ca\/wp-json\/wp\/v2\/pages\/103284\/revisions"}],"predecessor-version":[{"id":103915,"href":"https:\/\/evisap.es\/ca\/wp-json\/wp\/v2\/pages\/103284\/revisions\/103915"}],"wp:attachment":[{"href":"https:\/\/evisap.es\/ca\/wp-json\/wp\/v2\/media?parent=103284"}],"curies":[{"name":"wp","href":"https:\/\/api.w.org\/{rel}","templated":true}]}}