{"id":103256,"date":"2022-03-18T15:20:42","date_gmt":"2022-03-18T15:20:42","guid":{"rendered":"https:\/\/evisap.es\/politica-de-cookies\/"},"modified":"2025-05-02T16:57:19","modified_gmt":"2025-05-02T16:57:19","slug":"politica-de-cookies","status":"publish","type":"page","link":"https:\/\/evisap.es\/ca\/politica-de-cookies\/","title":{"rendered":"Pol\u00edtica de cookies"},"content":{"rendered":"<p>[vc_row][vc_column][vc_column_text uncode_shortcode_id=&#8221;826735&#8243;]<\/p>\n<div class=\"page-container top-offset bottom-offset\">\n<div id=\"primary\" class=\"content-area\">\n<div class=\"page-content\">\n<article id=\"post-21321\" class=\"post-21321 page type-page status-publish hentry\">\n<div class=\"entry-content\">\n<div class=\"wpb-content-wrapper\">\n<div class=\"vc_row wpb_row vc_row-fluid\">\n<div class=\"wpb_column vc_column_container vc_col-sm-12\">\n<div class=\"vc_column-inner\">\n<div class=\"wpb_wrapper\">\n<div class=\"wpb_text_column wpb_content_element \">\n<div class=\"wpb_wrapper\">\n<h2>Pol\u00edtica de cookies<\/h2>\n<h4>Qu\u00e8 \u00e9s una cookie?<\/h4>\n<p>Una <em>cookie<\/em> \u00e9s un fitxer de text <b>inofensiu<\/b> que s&#8217;emmagatzema al vostre navegador quan visita gaireb\u00e9 qualsevol p\u00e0gina web. La utilitat de la <em>cookie<\/em> \u00e9s que la web sigui capa\u00e7 de recordar la vostra visita quan torneu a navegar per aquesta p\u00e0gina. Encara que molta gent no ho sap, les <em>cookies<\/em> s&#8217;han estat utilitzant des de fa 20 anys, quan van apar\u00e8ixer els primers navegadors per a la World Wide Web.<\/p>\n<h4>Qu\u00e8 NO \u00c9S una cookie?<\/h4>\n<p>No \u00e9s un virus, ni un troi\u00e0, ni un cuc, ni spam, ni programari espia, ni obre finestres emergents.<\/p>\n<h4>Quina informaci\u00f3 emmagatzema una <em>cookie<\/em>?<\/h4>\n<p>Les <em>cookies<\/em> no solen emmagatzemar informaci\u00f3 sensible sobre vost\u00e8, com ara targetes de cr\u00e8dit o dades banc\u00e0ries, fotografies, el vostre DNI o informaci\u00f3 personal, etc. Les dades que guarden s\u00f3n de car\u00e0cter t\u00e8cnic, prefer\u00e8ncies personals, personalitzaci\u00f3 de continguts, etc.<\/p>\n<p>El servidor web no l&#8217;associa a vost\u00e8 com a persona sin\u00f3 al vostre navegador web. De fet, si navega habitualment amb Internet Explorer i prova a navegar per la mateixa web amb Firefox o Chrome veur\u00e0 que la web no s&#8217;adona que \u00e9s vost\u00e8 la mateixa persona perqu\u00e8 en realitat est\u00e0 associant al navegador, no a la persona.<\/p>\n<h4>Quin tipus de <em>cookies<\/em> existeixen?<\/h4>\n<ul>\n<li><em>Cookies<\/em> t\u00e8cniques: S\u00f3n les m\u00e9s elementals i permeten, entre d&#8217;altres, saber quan est\u00e0 navegant un hum\u00e0 o una aplicaci\u00f3 automatitzada, quan navega un usuari an\u00f2nim i un registrat, tasques b\u00e0siques per al funcionament de qualsevol web din\u00e0mica.<\/li>\n<li><em>Cookies<\/em> d&#8217;an\u00e0lisi: Recullen informaci\u00f3 sobre el tipus de navegaci\u00f3 que est\u00e0 realitzant, les seccions que m\u00e9s utilitza, productes consultats, franja hor\u00e0ria d&#8217;\u00fas, idioma, etc.<\/li>\n<li><em>Cookies<\/em> publicit\u00e0ries: Mostren publicitat en funci\u00f3 de la vostra navegaci\u00f3, el vostre pa\u00eds de proced\u00e8ncia, idioma, etc.<\/li>\n<\/ul>\n<h4>Qu\u00e8 s\u00f3n les <em>cookies<\/em> pr\u00f2pies i les de tercers?<\/h4>\n<p>Les <em>cookies pr\u00f2pies<\/em> s\u00f3n les generades per la p\u00e0gina que esteu visitant i les <em>de tercers<\/em> s\u00f3n les generades per serveis o prove\u00efdors externs com Facebook, Twitter, Google, etc.<\/p>\n<h3>Cookies utilitzades en aquest lloc web<\/h3>\n<p>Seguint les directrius de l&#8217;Ag\u00e8ncia Espanyola de Protecci\u00f3 de Dades procedim a detallar l&#8217;\u00fas de <em>cookies<\/em> que fa aquesta web amb la finalitat d&#8217;informar-vos amb la m\u00e0xima exactitud possible.<\/p>\n<p>Aquest lloc web utilitza les seg\u00fcents <strong>cookies pr\u00f2pies<\/strong>:<\/p>\n<ul>\n<li>Cookies de sessi\u00f3, per garantir que els usuaris que escriguin comentaris al bloc siguin humans i no aplicacions automatitzades. D&#8217;aquesta manera es combat el <em>spam<\/em>.<\/li>\n<\/ul>\n<p>Aquest lloc web utilitza les seg\u00fcents <strong>cookies de tercers<\/strong>:<\/p>\n<ul>\n<li>Google Analytics: Emmagatzema <em>cookies<\/em> per poder elaborar estad\u00edstiques sobre el tr\u00e0nsit i volum de visites d&#8217;aquesta web. En utilitzar aquest lloc web esteu consentint el tractament d&#8217;informaci\u00f3 sobre vost\u00e8 per part de Google. Per tant, l&#8217;exercici de qualsevol dret en aquest sentit haur\u00e0 de fer-ho comunicant-vos directament amb Google.<\/li>\n<li>Xarxes socials: Cada xarxa social utilitza les seves pr\u00f2pies <em>cookies<\/em> perqu\u00e8 pugueu fer clic en botons del tipus <em>M&#8217;agrada<\/em> o <em>Compartir<\/em>.<\/li>\n<\/ul>\n<h3>Desactivaci\u00f3 o eliminaci\u00f3 de cookies<\/h3>\n<h4>Qu\u00e8 passa si desactivo les <em>cookies<\/em>?<\/h4>\n<p>Perqu\u00e8 entengueu l&#8217;abast que pot tenir desactivar les <em>cookies<\/em> us mostrem uns exemples:<\/p>\n<ul>\n<li>No podreu compartir continguts d&#8217;aquesta web a Facebook, Twitter o qualsevol altra xarxa social.<\/li>\n<li>El lloc web no podr\u00e0 adaptar els continguts a les vostres prefer\u00e8ncies personals, com sol passar a les botigues en l\u00ednia.<\/li>\n<li>No podreu accedir a l&#8217;\u00e0rea personal d&#8217;aquesta web, com per exemple <em>El meu compte<\/em>, o <em>El meu perfil<\/em> o <em>Els meus comandes<\/em>.<\/li>\n<li>Botigues en l\u00ednia: Us ser\u00e0 impossible realitzar compres en l\u00ednia, hauran de ser telef\u00f2niques o visitant la botiga f\u00edsica si \u00e9s que en disposa.<\/li>\n<li>No ser\u00e0 possible personalitzar les vostres prefer\u00e8ncies geogr\u00e0fiques com ara franja hor\u00e0ria, moneda o idioma.<\/li>\n<li>El lloc web no podr\u00e0 realitzar an\u00e0lisis web sobre visitants i tr\u00e0nsit a la web, cosa que dificultar\u00e0 que la web sigui competitiva.<\/li>\n<li>No podreu escriure al bloc, no podreu pujar fotos, publicar comentaris, valorar o puntuar continguts. La web tampoc podr\u00e0 saber si vost\u00e8 \u00e9s un hum\u00e0 o una aplicaci\u00f3 automatitzada que publica <em>spam<\/em>.<\/li>\n<li>No es podr\u00e0 mostrar publicitat sectoritzada, cosa que reduir\u00e0 els ingressos publicitaris de la web.<\/li>\n<li>Totes les xarxes socials utilitzen <em>cookies<\/em>, si les desactiveu no podreu utilitzar cap xarxa social.<\/li>\n<\/ul>\n<h4>Es poden eliminar les <em>cookies<\/em>?<\/h4>\n<p>S\u00ed. No nom\u00e9s eliminar, tamb\u00e9 bloquejar, de forma general o particular per a un domini espec\u00edfic.<\/p>\n<p>Per eliminar les <em>cookies<\/em> d&#8217;un lloc web heu d&#8217;anar a la configuraci\u00f3 del vostre navegador i all\u00e0 podreu buscar les associades al domini en q\u00fcesti\u00f3 i procedir a la seva eliminaci\u00f3.<\/p>\n<h4 id=\"navegadores\">Configuraci\u00f3 de <em>cookies<\/em> per als navegadors m\u00e9s populars<\/h4>\n<p>A continuaci\u00f3 us indiquem com accedir a una <em>cookie<\/em> determinada del navegador <b>Chrome<\/b>. Nota: aquests passos poden variar en funci\u00f3 de la versi\u00f3 del navegador:<\/p>\n<ol>\n<li>Anar a Configuraci\u00f3 o Prefer\u00e8ncies mitjan\u00e7ant el men\u00fa Arxiu o b\u00e9 fent clic a la icona de personalitzaci\u00f3 que apareix a dalt a la dreta.<\/li>\n<li>Veureu diferents seccions, feu clic a l&#8217;opci\u00f3 <em>Mostrar opcions avan\u00e7ades<\/em>.<\/li>\n<li>Anar a <em>Privadesa<\/em>, <em>Configuraci\u00f3 de contingut<\/em>.<\/li>\n<li>Seleccioneu <em>Totes les cookies i les dades de llocs<\/em>.<\/li>\n<li>Apareixer\u00e0 un llistat amb totes les <em>cookies<\/em> ordenades per domini. Perqu\u00e8 us sigui m\u00e9s f\u00e0cil trobar les <em>cookies<\/em> d&#8217;un determinat domini introdu\u00efu parcialment o totalment l&#8217;adre\u00e7a al camp <em>Cercar cookies<\/em>.<\/li>\n<li>Despr\u00e9s de realitzar aquest filtre apareixeran a la pantalla una o diverses l\u00ednies amb les <em>cookies<\/em> de la web sol\u00b7licitada. Ara nom\u00e9s heu de seleccionar-la i pr\u00e9mer la <em>X<\/em> per procedir a la seva eliminaci\u00f3.<\/li>\n<\/ol>\n<p>Per accedir a la configuraci\u00f3 de <em>cookies<\/em> del navegador <b>Internet Explorer<\/b> seguiu aquests passos (poden variar en funci\u00f3 de la versi\u00f3 del navegador):<\/p>\n<ol>\n<li>Anar a <em>Eines<\/em>, <em>Opcions d&#8217;Internet<\/em><\/li>\n<li>Feu clic a <em>Privadesa<\/em>.<\/li>\n<li>Mou el lliscador fins ajustar el nivell de privadesa que desitgeu.<\/li>\n<\/ol>\n<p>Per accedir a la configuraci\u00f3 de <em>cookies<\/em> del navegador <b>Firefox<\/b> seguiu aquests passos (poden variar en funci\u00f3 de la versi\u00f3 del navegador):<\/p>\n<ol>\n<li>Anar a <em>Opcions<\/em> o <em>Prefer\u00e8ncies<\/em> segons el vostre sistema operatiu.<\/li>\n<li>Feu clic a <em>Privadesa<\/em>.<\/li>\n<li>A <em>Historial<\/em> trieu <em>Utilitzar una configuraci\u00f3 personalitzada per a l&#8217;historial<\/em>.<\/li>\n<li>Ara veureu l&#8217;opci\u00f3 <em>Acceptar cookies<\/em>, podeu activar-la o desactivar-la segons les vostres prefer\u00e8ncies.<\/li>\n<\/ol>\n<p>Per accedir a la configuraci\u00f3 de <em>cookies<\/em> del navegador <b>Safari per a OSX<\/b> seguiu aquests passos (poden variar en funci\u00f3 de la versi\u00f3 del navegador):<\/p>\n<ol>\n<li>Anar a <em>Prefer\u00e8ncies<\/em>, despr\u00e9s <em>Privadesa<\/em>.<\/li>\n<li>En aquest lloc veureu l&#8217;opci\u00f3 <em>Bloquejar cookies<\/em> perqu\u00e8 ajusteu el tipus de bloqueig que voleu realitzar.<\/li>\n<\/ol>\n<p>Per accedir a la configuraci\u00f3 de <em>cookies<\/em> del navegador <b>Safari per a iOS<\/b> seguiu aquests passos (poden variar en funci\u00f3 de la versi\u00f3 del navegador):<\/p>\n<ol>\n<li>Anar a <em>Ajustos<\/em>, despr\u00e9s <em>Safari<\/em>.<\/li>\n<li>Anar a <em>Privadesa i Seguretat<\/em>, veureu l&#8217;opci\u00f3 <em>Bloquejar cookies<\/em> perqu\u00e8 ajusteu el tipus de bloqueig que voleu realitzar.<\/li>\n<\/ol>\n<p>Per accedir a la configuraci\u00f3 de <em>cookies<\/em> del navegador per a dispositius <b>Android<\/b> seguiu aquests passos (poden variar en funci\u00f3 de la versi\u00f3 del navegador):<\/p>\n<ol>\n<li>Executeu el navegador i premeu la tecla <em>Men\u00fa<\/em>, despr\u00e9s <em>Ajustos<\/em>.<\/li>\n<li>Anar a <em>Seguretat i Privadesa<\/em>, veureu l&#8217;opci\u00f3 <em>Acceptar cookies<\/em> perqu\u00e8 activeu o desactiveu la casella.<\/li>\n<\/ol>\n<p>Per accedir a la configuraci\u00f3 de <em>cookies<\/em> del navegador per a dispositius <b>Windows Phone<\/b> seguiu aquests passos (poden variar en funci\u00f3 de la versi\u00f3 del navegador):<\/p>\n<ol>\n<li>Obriu <em>Internet Explorer<\/em>, despr\u00e9s <em>M\u00e9s<\/em>, despr\u00e9s <em>Configuraci\u00f3<\/em><\/li>\n<li>Ara podeu activar o desactivar la casella <em>Permetre cookies<\/em>.<\/li>\n<\/ol>\n<h3>Notes addicionals<\/h3>\n<ul>\n<li>Ni aquesta web ni els seus representants legals es fan responsables ni del contingut ni de la veracitat de les pol\u00edtiques de privadesa que puguin tenir els tercers esmentats en aquesta pol\u00edtica de <em>cookies<\/em>.<\/li>\n<li>Els navegadors web s\u00f3n les eines encarregades d&#8217;emmagatzemar les <em>cookies<\/em> i des d&#8217;aquest lloc heu d&#8217;exercir el vostre dret a eliminaci\u00f3 o desactivaci\u00f3 de les mateixes. Ni aquesta web ni els seus representants legals poden garantir la correcta o incorrecta manipulaci\u00f3 de les <em>cookies<\/em> per part dels esmentats navegadors.<\/li>\n<li>En alguns casos \u00e9s necessari instal\u00b7lar <em>cookies<\/em> perqu\u00e8 el navegador no oblidi la vostra decisi\u00f3 de no acceptaci\u00f3 de les mateixes.<\/li>\n<li>En el cas de les <em>cookies<\/em> de Google Analytics, aquesta empresa emmagatzema les <em>cookies<\/em> en servidors ubicats als Estats Units i es compromet a no compartir-les amb tercers, excepte en els casos en qu\u00e8 sigui necessari per al funcionament del sistema o quan la llei obligui a tal efecte. Segons Google no guarda la vostra adre\u00e7a IP. Google Inc. \u00e9s una companyia adherida a l&#8217;Acord de Port Segur que garanteix que totes les dades transferides seran tractades amb un nivell de protecci\u00f3 d&#8217;acord amb la normativa europea. Podeu consultar informaci\u00f3 detallada a aquest respecte <a href=\"http:\/\/safeharbor.export.gov\/companyinfo.aspx?id=16626\" target=\"_blank\" rel=\"noopener noreferrer\">en aquest enlla\u00e7<\/a>. Si voleu informaci\u00f3 sobre l&#8217;\u00fas que Google fa de les cookies <a href=\"https:\/\/developers.google.com\/analytics\/devguides\/collection\/analyticsjs\/cookie-usage?hl=es&amp;csw=1\" target=\"_blank\" rel=\"noopener noreferrer\">us adjuntem aquest altre enlla\u00e7<\/a>.<\/li>\n<li>Per a qualsevol dubte o consulta sobre aquesta pol\u00edtica de <em>cookies<\/em> no dubteu a posar-vos en contacte amb nosaltres a trav\u00e9s de la secci\u00f3 de contacte.<\/li>\n<\/ul>\n<\/div>\n<\/div>\n<\/div>\n<\/div>\n<\/div>\n<\/div>\n<\/div>\n<\/div>\n<\/article>\n<\/div>\n<\/div>\n<\/div>\n<p>[\/vc_column_text][\/vc_column][\/vc_row]<\/p>\n","protected":false},"excerpt":{"rendered":"<p>[vc_row][vc_column][vc_column_text uncode_shortcode_id=&#8221;826735&#8243;] Pol\u00edtica de cookies Qu\u00e8 \u00e9s una cookie? Una cookie \u00e9s un fitxer de text inofensiu que s&#8217;emmagatzema al [&hellip;]<\/p>\n","protected":false},"author":1,"featured_media":0,"parent":0,"menu_order":0,"comment_status":"closed","ping_status":"closed","template":"","meta":{"footnotes":""},"class_list":["post-103256","page","type-page","status-publish","hentry"],"yoast_head":"<!-- This site is optimized with the Yoast SEO plugin v21.0 - https:\/\/yoast.com\/wordpress\/plugins\/seo\/ -->\n<title>Pol\u00edtica de cookies - EVISAP<\/title>\n<meta name=\"robots\" content=\"index, follow, max-snippet:-1, max-image-preview:large, max-video-preview:-1\" \/>\n<link rel=\"canonical\" href=\"https:\/\/evisap.es\/ca\/politica-de-cookies\/\" \/>\n<meta property=\"og:locale\" content=\"ca_ES\" \/>\n<meta property=\"og:type\" content=\"article\" \/>\n<meta property=\"og:title\" content=\"Pol\u00edtica de cookies - EVISAP\" \/>\n<meta property=\"og:description\" content=\"[vc_row][vc_column][vc_column_text uncode_shortcode_id=&#8221;826735&#8243;] Pol\u00edtica de cookies Qu\u00e8 \u00e9s una cookie? Una cookie \u00e9s un fitxer de text inofensiu que s&#8217;emmagatzema al [&hellip;]\" \/>\n<meta property=\"og:url\" content=\"https:\/\/evisap.es\/ca\/politica-de-cookies\/\" \/>\n<meta property=\"og:site_name\" content=\"EVISAP\" \/>\n<meta property=\"article:modified_time\" content=\"2025-05-02T16:57:19+00:00\" \/>\n<meta name=\"twitter:card\" content=\"summary_large_image\" \/>\n<meta name=\"twitter:label1\" content=\"Temps estimat de lectura\" \/>\n\t<meta name=\"twitter:data1\" content=\"7 minuts\" \/>\n<script type=\"application\/ld+json\" class=\"yoast-schema-graph\">{\"@context\":\"https:\/\/schema.org\",\"@graph\":[{\"@type\":\"WebPage\",\"@id\":\"https:\/\/evisap.es\/ca\/politica-de-cookies\/\",\"url\":\"https:\/\/evisap.es\/ca\/politica-de-cookies\/\",\"name\":\"Pol\u00edtica de cookies - EVISAP\",\"isPartOf\":{\"@id\":\"https:\/\/evisap.es\/ca\/#website\"},\"datePublished\":\"2022-03-18T15:20:42+00:00\",\"dateModified\":\"2025-05-02T16:57:19+00:00\",\"breadcrumb\":{\"@id\":\"https:\/\/evisap.es\/ca\/politica-de-cookies\/#breadcrumb\"},\"inLanguage\":\"ca\",\"potentialAction\":[{\"@type\":\"ReadAction\",\"target\":[\"https:\/\/evisap.es\/ca\/politica-de-cookies\/\"]}]},{\"@type\":\"BreadcrumbList\",\"@id\":\"https:\/\/evisap.es\/ca\/politica-de-cookies\/#breadcrumb\",\"itemListElement\":[{\"@type\":\"ListItem\",\"position\":1,\"name\":\"Portada\",\"item\":\"https:\/\/evisap.es\/ca\/\"},{\"@type\":\"ListItem\",\"position\":2,\"name\":\"Pol\u00edtica de cookies\"}]},{\"@type\":\"WebSite\",\"@id\":\"https:\/\/evisap.es\/ca\/#website\",\"url\":\"https:\/\/evisap.es\/ca\/\",\"name\":\"EVISAP\",\"description\":\"EVISAP\",\"potentialAction\":[{\"@type\":\"SearchAction\",\"target\":{\"@type\":\"EntryPoint\",\"urlTemplate\":\"https:\/\/evisap.es\/ca\/?s={search_term_string}\"},\"query-input\":\"required name=search_term_string\"}],\"inLanguage\":\"ca\"}]}<\/script>\n<!-- \/ Yoast SEO plugin. -->","yoast_head_json":{"title":"Pol\u00edtica de cookies - EVISAP","robots":{"index":"index","follow":"follow","max-snippet":"max-snippet:-1","max-image-preview":"max-image-preview:large","max-video-preview":"max-video-preview:-1"},"canonical":"https:\/\/evisap.es\/ca\/politica-de-cookies\/","og_locale":"ca_ES","og_type":"article","og_title":"Pol\u00edtica de cookies - EVISAP","og_description":"[vc_row][vc_column][vc_column_text uncode_shortcode_id=&#8221;826735&#8243;] Pol\u00edtica de cookies Qu\u00e8 \u00e9s una cookie? Una cookie \u00e9s un fitxer de text inofensiu que s&#8217;emmagatzema al [&hellip;]","og_url":"https:\/\/evisap.es\/ca\/politica-de-cookies\/","og_site_name":"EVISAP","article_modified_time":"2025-05-02T16:57:19+00:00","twitter_card":"summary_large_image","twitter_misc":{"Temps estimat de lectura":"7 minuts"},"schema":{"@context":"https:\/\/schema.org","@graph":[{"@type":"WebPage","@id":"https:\/\/evisap.es\/ca\/politica-de-cookies\/","url":"https:\/\/evisap.es\/ca\/politica-de-cookies\/","name":"Pol\u00edtica de cookies - EVISAP","isPartOf":{"@id":"https:\/\/evisap.es\/ca\/#website"},"datePublished":"2022-03-18T15:20:42+00:00","dateModified":"2025-05-02T16:57:19+00:00","breadcrumb":{"@id":"https:\/\/evisap.es\/ca\/politica-de-cookies\/#breadcrumb"},"inLanguage":"ca","potentialAction":[{"@type":"ReadAction","target":["https:\/\/evisap.es\/ca\/politica-de-cookies\/"]}]},{"@type":"BreadcrumbList","@id":"https:\/\/evisap.es\/ca\/politica-de-cookies\/#breadcrumb","itemListElement":[{"@type":"ListItem","position":1,"name":"Portada","item":"https:\/\/evisap.es\/ca\/"},{"@type":"ListItem","position":2,"name":"Pol\u00edtica de cookies"}]},{"@type":"WebSite","@id":"https:\/\/evisap.es\/ca\/#website","url":"https:\/\/evisap.es\/ca\/","name":"EVISAP","description":"EVISAP","potentialAction":[{"@type":"SearchAction","target":{"@type":"EntryPoint","urlTemplate":"https:\/\/evisap.es\/ca\/?s={search_term_string}"},"query-input":"required name=search_term_string"}],"inLanguage":"ca"}]}},"_links":{"self":[{"href":"https:\/\/evisap.es\/ca\/wp-json\/wp\/v2\/pages\/103256","targetHints":{"allow":["GET"]}}],"collection":[{"href":"https:\/\/evisap.es\/ca\/wp-json\/wp\/v2\/pages"}],"about":[{"href":"https:\/\/evisap.es\/ca\/wp-json\/wp\/v2\/types\/page"}],"author":[{"embeddable":true,"href":"https:\/\/evisap.es\/ca\/wp-json\/wp\/v2\/users\/1"}],"replies":[{"embeddable":true,"href":"https:\/\/evisap.es\/ca\/wp-json\/wp\/v2\/comments?post=103256"}],"version-history":[{"count":2,"href":"https:\/\/evisap.es\/ca\/wp-json\/wp\/v2\/pages\/103256\/revisions"}],"predecessor-version":[{"id":103909,"href":"https:\/\/evisap.es\/ca\/wp-json\/wp\/v2\/pages\/103256\/revisions\/103909"}],"wp:attachment":[{"href":"https:\/\/evisap.es\/ca\/wp-json\/wp\/v2\/media?parent=103256"}],"curies":[{"name":"wp","href":"https:\/\/api.w.org\/{rel}","templated":true}]}}