{"id":103245,"date":"2022-05-11T13:45:12","date_gmt":"2022-05-11T13:45:12","guid":{"rendered":"https:\/\/evisap.es\/divulgacio-2\/"},"modified":"2025-01-15T10:19:46","modified_gmt":"2025-01-15T10:19:46","slug":"divulgacio-2","status":"publish","type":"page","link":"https:\/\/evisap.es\/ca\/divulgacio-2\/","title":{"rendered":"Divulgaci\u00f3"},"content":{"rendered":"<p>[vc_row row_height_percent=&#8221;0&#8243; override_padding=&#8221;yes&#8221; h_padding=&#8221;2&#8243; top_padding=&#8221;4&#8243; bottom_padding=&#8221;4&#8243; back_color=&#8221;color-lxmt&#8221; overlay_alpha=&#8221;50&#8243; gutter_size=&#8221;3&#8243; column_width_percent=&#8221;100&#8243; shift_y=&#8221;0&#8243; z_index=&#8221;0&#8243; uncode_shortcode_id=&#8221;186054&#8243; back_color_type=&#8221;uncode-palette&#8221; row_name=&#8221;noticias&#8221; el_class=&#8221;customTab&#8221;][vc_column column_width_percent=&#8221;100&#8243; gutter_size=&#8221;3&#8243; overlay_alpha=&#8221;50&#8243; shift_x=&#8221;0&#8243; shift_y=&#8221;0&#8243; shift_y_down=&#8221;0&#8243; z_index=&#8221;0&#8243; medium_width=&#8221;0&#8243; mobile_width=&#8221;0&#8243; width=&#8221;1\/1&#8243;][vc_custom_heading uncode_shortcode_id=&#8221;186779&#8243;]<strong>Oberta la inscripci\u00f3 a la VIII Jornada de Recerca d&#8217;Atenci\u00f3 Prim\u00e0ria de Mallorca 2022<\/strong>[\/vc_custom_heading][vc_custom_heading text_color=&#8221;color-nhtu&#8221; text_size=&#8221;fontsize-160000&#8243; uncode_shortcode_id=&#8221;593980&#8243; text_color_type=&#8221;uncode-palette&#8221;]11 maig 2022[\/vc_custom_heading][vc_single_image media=&#8221;102448&#8243; media_width_percent=&#8221;100&#8243; uncode_shortcode_id=&#8221;185591&#8243;][vc_column_text uncode_shortcode_id=&#8221;184888&#8243;]Els dies <strong>16 i 17 de juny de 2022<\/strong> tindr\u00e0 lloc la <a href=\"https:\/\/www.ibsalut.es\/apmallorca\/es\/profesionales\/investigacion\/jornada-investigacion-ap\" rel=\"alternate\">VIII Jornada d\u2019Investigaci\u00f3 en Atenci\u00f3 Prim\u00e0ria de Mallorca<\/a>, organitzada bianualment per la <a href=\"https:\/\/www.ibsalut.es\/apmallorca\/es\/ap-mallorca\/gap-mallorca\" rel=\"alternate\">Ger\u00e8ncia d\u2019Atenci\u00f3 Prim\u00e0ria de Mallorca<\/a> i <a href=\"http:\/\/www.idisba.es\/\" target=\"_blank\" rel=\"alternate noopener\">l\u2019Institut d\u2019Investigaci\u00f3 Sanit\u00e0ria de les Illes Balears (IdISBa)<\/a>. Aquesta activitat t\u00e9 com a objectiu compartir els darrers aven\u00e7os en la investigaci\u00f3 en atenci\u00f3 prim\u00e0ria, aix\u00ed com discutir-los i ensenyar a la comunitat cient\u00edfica els projectes en fase d\u2019elaboraci\u00f3 o estudi. La Jornada es realitzar\u00e0 al <a href=\"http:\/\/www.obrasocialsanostra.com\/ca\/conoce\/centro\/id\/1\" target=\"_blank\" rel=\"alternate noopener\">Centre de Cultura de Palma (Sa Nostra)<\/a>, iniciant-se el dijous 16 de juny horabaixa amb la realitzaci\u00f3 de tres <strong>tallers<\/strong>: <a href=\"https:\/\/www.ibsalut.es\/apmallorca\/ca\/component\/jevents\/detalldelevent\/14781\/-\/elementos-clave-de-la-investigacion-cualitativa-en-salud?Itemid=106\" rel=\"alternate\">Elements clau de la investigaci\u00f3 qualitativa en salut<\/a>, <a href=\"https:\/\/www.ibsalut.es\/apmallorca\/ca\/component\/jevents\/detalldelevent\/14782\/-\/tot-allo-que-has-de-saber-per-preparar-una-tesi-a-atencio-primaria?Itemid=106\" rel=\"alternate\">Tot all\u00f2 que has de saber per preparar una tesi en atenci\u00f3 prim\u00e0ria<\/a> i <a href=\"https:\/\/www.ibsalut.es\/apmallorca\/ca\/professionals\/docencia\/formacio-continuada\/activitats-formatives\/detalldelevent\/14783\/-\/proms-y-prems-aplicaciones-e-iniciativas-internacionales\" rel=\"alternate\">PROMs i PREMs: aplicacions i iniciatives internacionals<\/a>. <br \/>El mat\u00ed del divendres 17 de juny, entre les 8.00 i les 15.00 h, es desenvolupar\u00e0 el programa cient\u00edfic amb la realitzaci\u00f3 de cinc taules rodones, diverses comunicacions orals i una confer\u00e8ncia inaugural. La confer\u00e8ncia inaugural anir\u00e0 a c\u00e0rrec del <strong>Dr. Rafel Ramos<\/strong>, metge de fam\u00edlia, catedr\u00e0tic de la Universitat de Girona, responsable de la Unitat d\u2019Investigaci\u00f3 de Girona i coordinador de la Xarxa d\u2019Investigaci\u00f3 en Cronicitat, Atenci\u00f3 Prim\u00e0ria i Promoci\u00f3 de la Salut (RICAPPS) a nivell nacional. El termini per presentar comunicacions finalitzar\u00e0 el dilluns 6 de juny, i ja estan disponibles les <a href=\"https:\/\/www.ibsalut.es\/apmallorca\/es\/profesionales\/investigacion\/jornada-investigacion-ap\/presentacion-de-trabajos\" rel=\"alternate\">Normes per a l\u2019enviament de treballs<\/a>. La inscripci\u00f3 a la jornada estar\u00e0 oberta fins al 13 de juny, i tots els inscrits seran admesos. No \u00e9s necess\u00e0ria confirmaci\u00f3.[\/vc_column_text][\/vc_column][\/vc_row]<\/p>\n","protected":false},"excerpt":{"rendered":"<p>[vc_row row_height_percent=&#8221;0&#8243; override_padding=&#8221;yes&#8221; h_padding=&#8221;2&#8243; top_padding=&#8221;4&#8243; bottom_padding=&#8221;4&#8243; back_color=&#8221;color-lxmt&#8221; overlay_alpha=&#8221;50&#8243; gutter_size=&#8221;3&#8243; column_width_percent=&#8221;100&#8243; shift_y=&#8221;0&#8243; z_index=&#8221;0&#8243; uncode_shortcode_id=&#8221;186054&#8243; back_color_type=&#8221;uncode-palette&#8221; row_name=&#8221;noticias&#8221; el_class=&#8221;customTab&#8221;][vc_column column_width_percent=&#8221;100&#8243; gutter_size=&#8221;3&#8243; overlay_alpha=&#8221;50&#8243; shift_x=&#8221;0&#8243; [&hellip;]<\/p>\n","protected":false},"author":3,"featured_media":0,"parent":0,"menu_order":0,"comment_status":"closed","ping_status":"closed","template":"","meta":{"footnotes":""},"class_list":["post-103245","page","type-page","status-publish","hentry"],"yoast_head":"<!-- This site is optimized with the Yoast SEO plugin v21.0 - https:\/\/yoast.com\/wordpress\/plugins\/seo\/ -->\n<title>Divulgaci\u00f3 - EVISAP<\/title>\n<meta name=\"description\" content=\"Aqu\u00ed mostram les principals not\u00edcies relacionades amb els serveis de salut de les Illes Balears.\" \/>\n<meta name=\"robots\" content=\"index, follow, max-snippet:-1, max-image-preview:large, max-video-preview:-1\" \/>\n<link rel=\"canonical\" href=\"https:\/\/evisap.es\/ca\/divulgacio-2\/\" \/>\n<meta property=\"og:locale\" content=\"ca_ES\" \/>\n<meta property=\"og:type\" content=\"article\" \/>\n<meta property=\"og:title\" content=\"Divulgaci\u00f3 - EVISAP\" \/>\n<meta property=\"og:description\" content=\"Aqu\u00ed mostram les principals not\u00edcies relacionades amb els serveis de salut de les Illes Balears.\" \/>\n<meta property=\"og:url\" content=\"https:\/\/evisap.es\/ca\/divulgacio-2\/\" \/>\n<meta property=\"og:site_name\" content=\"EVISAP\" \/>\n<meta property=\"article:modified_time\" content=\"2025-01-15T10:19:46+00:00\" \/>\n<meta name=\"twitter:card\" content=\"summary_large_image\" \/>\n<meta name=\"twitter:label1\" content=\"Temps estimat de lectura\" \/>\n\t<meta name=\"twitter:data1\" content=\"2 minuts\" \/>\n<script type=\"application\/ld+json\" class=\"yoast-schema-graph\">{\"@context\":\"https:\/\/schema.org\",\"@graph\":[{\"@type\":\"WebPage\",\"@id\":\"https:\/\/evisap.es\/ca\/divulgacio-2\/\",\"url\":\"https:\/\/evisap.es\/ca\/divulgacio-2\/\",\"name\":\"Divulgaci\u00f3 - EVISAP\",\"isPartOf\":{\"@id\":\"https:\/\/evisap.es\/ca\/#website\"},\"datePublished\":\"2022-05-11T13:45:12+00:00\",\"dateModified\":\"2025-01-15T10:19:46+00:00\",\"description\":\"Aqu\u00ed mostram les principals not\u00edcies relacionades amb els serveis de salut de les Illes Balears.\",\"breadcrumb\":{\"@id\":\"https:\/\/evisap.es\/ca\/divulgacio-2\/#breadcrumb\"},\"inLanguage\":\"ca\",\"potentialAction\":[{\"@type\":\"ReadAction\",\"target\":[\"https:\/\/evisap.es\/ca\/divulgacio-2\/\"]}]},{\"@type\":\"BreadcrumbList\",\"@id\":\"https:\/\/evisap.es\/ca\/divulgacio-2\/#breadcrumb\",\"itemListElement\":[{\"@type\":\"ListItem\",\"position\":1,\"name\":\"Portada\",\"item\":\"https:\/\/evisap.es\/ca\/\"},{\"@type\":\"ListItem\",\"position\":2,\"name\":\"Divulgaci\u00f3\"}]},{\"@type\":\"WebSite\",\"@id\":\"https:\/\/evisap.es\/ca\/#website\",\"url\":\"https:\/\/evisap.es\/ca\/\",\"name\":\"EVISAP\",\"description\":\"EVISAP\",\"potentialAction\":[{\"@type\":\"SearchAction\",\"target\":{\"@type\":\"EntryPoint\",\"urlTemplate\":\"https:\/\/evisap.es\/ca\/?s={search_term_string}\"},\"query-input\":\"required name=search_term_string\"}],\"inLanguage\":\"ca\"}]}<\/script>\n<!-- \/ Yoast SEO plugin. -->","yoast_head_json":{"title":"Divulgaci\u00f3 - EVISAP","description":"Aqu\u00ed mostram les principals not\u00edcies relacionades amb els serveis de salut de les Illes Balears.","robots":{"index":"index","follow":"follow","max-snippet":"max-snippet:-1","max-image-preview":"max-image-preview:large","max-video-preview":"max-video-preview:-1"},"canonical":"https:\/\/evisap.es\/ca\/divulgacio-2\/","og_locale":"ca_ES","og_type":"article","og_title":"Divulgaci\u00f3 - EVISAP","og_description":"Aqu\u00ed mostram les principals not\u00edcies relacionades amb els serveis de salut de les Illes Balears.","og_url":"https:\/\/evisap.es\/ca\/divulgacio-2\/","og_site_name":"EVISAP","article_modified_time":"2025-01-15T10:19:46+00:00","twitter_card":"summary_large_image","twitter_misc":{"Temps estimat de lectura":"2 minuts"},"schema":{"@context":"https:\/\/schema.org","@graph":[{"@type":"WebPage","@id":"https:\/\/evisap.es\/ca\/divulgacio-2\/","url":"https:\/\/evisap.es\/ca\/divulgacio-2\/","name":"Divulgaci\u00f3 - EVISAP","isPartOf":{"@id":"https:\/\/evisap.es\/ca\/#website"},"datePublished":"2022-05-11T13:45:12+00:00","dateModified":"2025-01-15T10:19:46+00:00","description":"Aqu\u00ed mostram les principals not\u00edcies relacionades amb els serveis de salut de les Illes Balears.","breadcrumb":{"@id":"https:\/\/evisap.es\/ca\/divulgacio-2\/#breadcrumb"},"inLanguage":"ca","potentialAction":[{"@type":"ReadAction","target":["https:\/\/evisap.es\/ca\/divulgacio-2\/"]}]},{"@type":"BreadcrumbList","@id":"https:\/\/evisap.es\/ca\/divulgacio-2\/#breadcrumb","itemListElement":[{"@type":"ListItem","position":1,"name":"Portada","item":"https:\/\/evisap.es\/ca\/"},{"@type":"ListItem","position":2,"name":"Divulgaci\u00f3"}]},{"@type":"WebSite","@id":"https:\/\/evisap.es\/ca\/#website","url":"https:\/\/evisap.es\/ca\/","name":"EVISAP","description":"EVISAP","potentialAction":[{"@type":"SearchAction","target":{"@type":"EntryPoint","urlTemplate":"https:\/\/evisap.es\/ca\/?s={search_term_string}"},"query-input":"required name=search_term_string"}],"inLanguage":"ca"}]}},"_links":{"self":[{"href":"https:\/\/evisap.es\/ca\/wp-json\/wp\/v2\/pages\/103245","targetHints":{"allow":["GET"]}}],"collection":[{"href":"https:\/\/evisap.es\/ca\/wp-json\/wp\/v2\/pages"}],"about":[{"href":"https:\/\/evisap.es\/ca\/wp-json\/wp\/v2\/types\/page"}],"author":[{"embeddable":true,"href":"https:\/\/evisap.es\/ca\/wp-json\/wp\/v2\/users\/3"}],"replies":[{"embeddable":true,"href":"https:\/\/evisap.es\/ca\/wp-json\/wp\/v2\/comments?post=103245"}],"version-history":[{"count":5,"href":"https:\/\/evisap.es\/ca\/wp-json\/wp\/v2\/pages\/103245\/revisions"}],"predecessor-version":[{"id":103633,"href":"https:\/\/evisap.es\/ca\/wp-json\/wp\/v2\/pages\/103245\/revisions\/103633"}],"wp:attachment":[{"href":"https:\/\/evisap.es\/ca\/wp-json\/wp\/v2\/media?parent=103245"}],"curies":[{"name":"wp","href":"https:\/\/api.w.org\/{rel}","templated":true}]}}