{"id":103232,"date":"2023-10-23T05:18:57","date_gmt":"2023-10-23T05:18:57","guid":{"rendered":"https:\/\/evisap.es\/divulgacio\/"},"modified":"2025-01-15T10:17:22","modified_gmt":"2025-01-15T10:17:22","slug":"divulgacio","status":"publish","type":"page","link":"https:\/\/evisap.es\/ca\/divulgacio\/","title":{"rendered":"Divulgaci\u00f3"},"content":{"rendered":"<p>[vc_row row_height_percent=&#8221;0&#8243; override_padding=&#8221;yes&#8221; h_padding=&#8221;2&#8243; top_padding=&#8221;4&#8243; bottom_padding=&#8221;4&#8243; back_color=&#8221;color-lxmt&#8221; overlay_alpha=&#8221;50&#8243; gutter_size=&#8221;3&#8243; column_width_percent=&#8221;100&#8243; shift_y=&#8221;0&#8243; z_index=&#8221;0&#8243; uncode_shortcode_id=&#8221;186054&#8243; back_color_type=&#8221;uncode-palette&#8221; row_name=&#8221;noticias&#8221; el_class=&#8221;customTab&#8221;][vc_column column_width_percent=&#8221;100&#8243; gutter_size=&#8221;3&#8243; overlay_alpha=&#8221;50&#8243; shift_x=&#8221;0&#8243; shift_y=&#8221;0&#8243; shift_y_down=&#8221;0&#8243; z_index=&#8221;0&#8243; medium_width=&#8221;0&#8243; mobile_width=&#8221;0&#8243; width=&#8221;1\/1&#8243;][vc_custom_heading uncode_shortcode_id=&#8221;289790&#8243;]<strong>Presentaci\u00f3 de resultats de l&#8217;estudi PrediabeText als seus participants.<\/strong>[\/vc_custom_heading][vc_custom_heading text_color=&#8221;color-nhtu&#8221; text_size=&#8221;fontsize-160000&#8243; uncode_shortcode_id=&#8221;187237&#8243; text_color_type=&#8221;uncode-palette&#8221;]19 d&#8217;octubre de 2023.[\/vc_custom_heading][vc_column_text uncode_shortcode_id=&#8221;121766&#8243;]<\/p>\n<div class=\"uncode_text_column text-lead\">\n<p>El 19 d&#8217;octubre va tenir lloc a l&#8217;Hospital Universitari Son Espases un esdeveniment de divulgaci\u00f3 organitzat per membres del GRAPP-caIB i d&#8217;altres grups d&#8217;investigaci\u00f3 de l&#8217;Institut d&#8217;Investigaci\u00f3 de les Illes Balears (IdISBa). L&#8217;objectiu d&#8217;aquest esdeveniment va ser donar a con\u00e8ixer els principals resultats del projecte \u201c<a href=\"https:\/\/www.mdpi.com\/1660-4601\/19\/22\/14706\">Development and evaluation of a low intensity, multifaceted, digital health intervention to prevent type 2 diabetes mellitus in the primary care setting: the PREDIABETEXT study<\/a>\u201d. Aquest estudi est\u00e0 dirigit a la prevenci\u00f3 de la diabetis tipus 2 mitjan\u00e7ant la promoci\u00f3 d&#8217;estils de vida saludables a trav\u00e9s de l&#8217;enviament de missatges de text SMS. Els participants d&#8217;aquest estudi van rebre durant sis mesos missatges de text als seus tel\u00e8fons m\u00f2bils amb informaci\u00f3 sobre dieta saludable i activitat f\u00edsica. A l&#8217;esdeveniment van assistir m\u00e9s de 50 participants de l&#8217;estudi, els quals van poder con\u00e8ixer de la m\u00e0 dels investigadors els principals resultats de l&#8217;estudi. A m\u00e9s, els assistents van tenir l&#8217;oportunitat de compartir les seves experi\u00e8ncies amb els missatges de text, aix\u00ed com les seves opinions sobre els seg\u00fcents passos a seguir en aquesta l\u00ednia d&#8217;investigaci\u00f3.     <\/p>\n<p><strong>PROGRAMA DE L&#8217;ESDEVENIMENT:<\/strong><\/p>\n<\/div>\n<ul>\n<li class=\"divider-wrapper \">18.30. Bienvenida. Dr. Ignacio Ricci  <\/li>\n<li>18.40. Presentaci\u00f3n del estudio PrediabeText. Dra. Escarlata Angullo   <\/li>\n<li>18.50. Resultados del ensayo cl\u00ednico. Dr. Miquel Bennassar.  <\/li>\n<li>19.10. La experiencia de los profesionales de atenci\u00f3n primaria como participantes del estudio. Dra. Beatriz Escuer   <\/li>\n<li>19.30. La experiencia de las personas con prediabetes (turno abierto de parcipantes en el estudio). <\/li>\n<li>19.50. Clausura y convite <\/li>\n<\/ul>\n<p>L&#8217;estudi va finalitzar amb \u00e8xit el passat 30 de setembre de 2023. Fes clic <a href=\"https:\/\/www.youtube.com\/watch?v=MEKpvulRyHY\">aqu\u00ed per a m\u00e9s informaci\u00f3 i con\u00e8ixer de primera m\u00e0 les experi\u00e8ncies i opinions dels participants.<\/a>[\/vc_column_text][vc_gallery el_id=&#8221;gallery-139494&#8243; medias=&#8221;102621,102620,102619,102625,102628,102629&#8243; gutter_size=&#8221;3&#8243; screen_lg=&#8221;1000&#8243; screen_md=&#8221;600&#8243; screen_sm=&#8221;480&#8243; single_overlay_opacity=&#8221;50&#8243; single_padding=&#8221;2&#8243; uncode_shortcode_id=&#8221;190883&#8243;][\/vc_column][\/vc_row]<\/p>\n","protected":false},"excerpt":{"rendered":"<p>[vc_row row_height_percent=&#8221;0&#8243; override_padding=&#8221;yes&#8221; h_padding=&#8221;2&#8243; top_padding=&#8221;4&#8243; bottom_padding=&#8221;4&#8243; back_color=&#8221;color-lxmt&#8221; overlay_alpha=&#8221;50&#8243; gutter_size=&#8221;3&#8243; column_width_percent=&#8221;100&#8243; shift_y=&#8221;0&#8243; z_index=&#8221;0&#8243; uncode_shortcode_id=&#8221;186054&#8243; back_color_type=&#8221;uncode-palette&#8221; row_name=&#8221;noticias&#8221; el_class=&#8221;customTab&#8221;][vc_column column_width_percent=&#8221;100&#8243; gutter_size=&#8221;3&#8243; overlay_alpha=&#8221;50&#8243; shift_x=&#8221;0&#8243; [&hellip;]<\/p>\n","protected":false},"author":3,"featured_media":0,"parent":0,"menu_order":0,"comment_status":"closed","ping_status":"closed","template":"","meta":{"footnotes":""},"class_list":["post-103232","page","type-page","status-publish","hentry"],"yoast_head":"<!-- This site is optimized with the Yoast SEO plugin v21.0 - https:\/\/yoast.com\/wordpress\/plugins\/seo\/ -->\n<title>Divulgaci\u00f3 - EVISAP<\/title>\n<meta name=\"description\" content=\"Aqu\u00ed mostrem les principals not\u00edcies relacionades amb els serveis de salut de les Illes Balears.\" \/>\n<meta name=\"robots\" content=\"index, follow, max-snippet:-1, max-image-preview:large, max-video-preview:-1\" \/>\n<link rel=\"canonical\" href=\"https:\/\/evisap.es\/ca\/divulgacio\/\" \/>\n<meta property=\"og:locale\" content=\"ca_ES\" \/>\n<meta property=\"og:type\" content=\"article\" \/>\n<meta property=\"og:title\" content=\"Divulgaci\u00f3 - EVISAP\" \/>\n<meta property=\"og:description\" content=\"Aqu\u00ed mostrem les principals not\u00edcies relacionades amb els serveis de salut de les Illes Balears.\" \/>\n<meta property=\"og:url\" content=\"https:\/\/evisap.es\/ca\/divulgacio\/\" \/>\n<meta property=\"og:site_name\" content=\"EVISAP\" \/>\n<meta property=\"article:modified_time\" content=\"2025-01-15T10:17:22+00:00\" \/>\n<meta name=\"twitter:card\" content=\"summary_large_image\" \/>\n<meta name=\"twitter:label1\" content=\"Temps estimat de lectura\" \/>\n\t<meta name=\"twitter:data1\" content=\"2 minuts\" \/>\n<script type=\"application\/ld+json\" class=\"yoast-schema-graph\">{\"@context\":\"https:\/\/schema.org\",\"@graph\":[{\"@type\":\"WebPage\",\"@id\":\"https:\/\/evisap.es\/ca\/divulgacio\/\",\"url\":\"https:\/\/evisap.es\/ca\/divulgacio\/\",\"name\":\"Divulgaci\u00f3 - EVISAP\",\"isPartOf\":{\"@id\":\"https:\/\/evisap.es\/ca\/#website\"},\"datePublished\":\"2023-10-23T05:18:57+00:00\",\"dateModified\":\"2025-01-15T10:17:22+00:00\",\"description\":\"Aqu\u00ed mostrem les principals not\u00edcies relacionades amb els serveis de salut de les Illes Balears.\",\"breadcrumb\":{\"@id\":\"https:\/\/evisap.es\/ca\/divulgacio\/#breadcrumb\"},\"inLanguage\":\"ca\",\"potentialAction\":[{\"@type\":\"ReadAction\",\"target\":[\"https:\/\/evisap.es\/ca\/divulgacio\/\"]}]},{\"@type\":\"BreadcrumbList\",\"@id\":\"https:\/\/evisap.es\/ca\/divulgacio\/#breadcrumb\",\"itemListElement\":[{\"@type\":\"ListItem\",\"position\":1,\"name\":\"Portada\",\"item\":\"https:\/\/evisap.es\/ca\/\"},{\"@type\":\"ListItem\",\"position\":2,\"name\":\"Divulgaci\u00f3\"}]},{\"@type\":\"WebSite\",\"@id\":\"https:\/\/evisap.es\/ca\/#website\",\"url\":\"https:\/\/evisap.es\/ca\/\",\"name\":\"EVISAP\",\"description\":\"EVISAP\",\"potentialAction\":[{\"@type\":\"SearchAction\",\"target\":{\"@type\":\"EntryPoint\",\"urlTemplate\":\"https:\/\/evisap.es\/ca\/?s={search_term_string}\"},\"query-input\":\"required name=search_term_string\"}],\"inLanguage\":\"ca\"}]}<\/script>\n<!-- \/ Yoast SEO plugin. -->","yoast_head_json":{"title":"Divulgaci\u00f3 - EVISAP","description":"Aqu\u00ed mostrem les principals not\u00edcies relacionades amb els serveis de salut de les Illes Balears.","robots":{"index":"index","follow":"follow","max-snippet":"max-snippet:-1","max-image-preview":"max-image-preview:large","max-video-preview":"max-video-preview:-1"},"canonical":"https:\/\/evisap.es\/ca\/divulgacio\/","og_locale":"ca_ES","og_type":"article","og_title":"Divulgaci\u00f3 - EVISAP","og_description":"Aqu\u00ed mostrem les principals not\u00edcies relacionades amb els serveis de salut de les Illes Balears.","og_url":"https:\/\/evisap.es\/ca\/divulgacio\/","og_site_name":"EVISAP","article_modified_time":"2025-01-15T10:17:22+00:00","twitter_card":"summary_large_image","twitter_misc":{"Temps estimat de lectura":"2 minuts"},"schema":{"@context":"https:\/\/schema.org","@graph":[{"@type":"WebPage","@id":"https:\/\/evisap.es\/ca\/divulgacio\/","url":"https:\/\/evisap.es\/ca\/divulgacio\/","name":"Divulgaci\u00f3 - EVISAP","isPartOf":{"@id":"https:\/\/evisap.es\/ca\/#website"},"datePublished":"2023-10-23T05:18:57+00:00","dateModified":"2025-01-15T10:17:22+00:00","description":"Aqu\u00ed mostrem les principals not\u00edcies relacionades amb els serveis de salut de les Illes Balears.","breadcrumb":{"@id":"https:\/\/evisap.es\/ca\/divulgacio\/#breadcrumb"},"inLanguage":"ca","potentialAction":[{"@type":"ReadAction","target":["https:\/\/evisap.es\/ca\/divulgacio\/"]}]},{"@type":"BreadcrumbList","@id":"https:\/\/evisap.es\/ca\/divulgacio\/#breadcrumb","itemListElement":[{"@type":"ListItem","position":1,"name":"Portada","item":"https:\/\/evisap.es\/ca\/"},{"@type":"ListItem","position":2,"name":"Divulgaci\u00f3"}]},{"@type":"WebSite","@id":"https:\/\/evisap.es\/ca\/#website","url":"https:\/\/evisap.es\/ca\/","name":"EVISAP","description":"EVISAP","potentialAction":[{"@type":"SearchAction","target":{"@type":"EntryPoint","urlTemplate":"https:\/\/evisap.es\/ca\/?s={search_term_string}"},"query-input":"required name=search_term_string"}],"inLanguage":"ca"}]}},"_links":{"self":[{"href":"https:\/\/evisap.es\/ca\/wp-json\/wp\/v2\/pages\/103232","targetHints":{"allow":["GET"]}}],"collection":[{"href":"https:\/\/evisap.es\/ca\/wp-json\/wp\/v2\/pages"}],"about":[{"href":"https:\/\/evisap.es\/ca\/wp-json\/wp\/v2\/types\/page"}],"author":[{"embeddable":true,"href":"https:\/\/evisap.es\/ca\/wp-json\/wp\/v2\/users\/3"}],"replies":[{"embeddable":true,"href":"https:\/\/evisap.es\/ca\/wp-json\/wp\/v2\/comments?post=103232"}],"version-history":[{"count":8,"href":"https:\/\/evisap.es\/ca\/wp-json\/wp\/v2\/pages\/103232\/revisions"}],"predecessor-version":[{"id":103627,"href":"https:\/\/evisap.es\/ca\/wp-json\/wp\/v2\/pages\/103232\/revisions\/103627"}],"wp:attachment":[{"href":"https:\/\/evisap.es\/ca\/wp-json\/wp\/v2\/media?parent=103232"}],"curies":[{"name":"wp","href":"https:\/\/api.w.org\/{rel}","templated":true}]}}